{"id":2006,"date":"2021-04-09T10:14:27","date_gmt":"2021-04-09T08:14:27","guid":{"rendered":"http:\/\/thjjwyy.cluster030.hosting.ovh.net\/?page_id=2006"},"modified":"2025-02-24T16:19:49","modified_gmt":"2025-02-24T15:19:49","slug":"nos-certifications","status":"publish","type":"page","link":"https:\/\/controlc.fr\/index.php\/nos-certifications\/","title":{"rendered":"Nos certifications"},"content":{"rendered":"\t\t<div data-elementor-type=\"wp-page\" data-elementor-id=\"2006\" class=\"elementor elementor-2006\">\n\t\t\t\t\t\t<section class=\"elementor-section elementor-top-section elementor-element elementor-element-58ec6e2 elementor-section-boxed elementor-section-height-default elementor-section-height-default\" data-id=\"58ec6e2\" data-element_type=\"section\">\n\t\t\t\t\t\t<div class=\"elementor-container elementor-column-gap-default\">\n\t\t\t\t\t<div class=\"elementor-column elementor-col-100 elementor-top-column elementor-element elementor-element-98fd7ae\" data-id=\"98fd7ae\" data-element_type=\"column\">\n\t\t\t<div class=\"elementor-widget-wrap elementor-element-populated\">\n\t\t\t\t\t\t<div class=\"elementor-element elementor-element-7805dec elementor-widget elementor-widget-text-editor\" data-id=\"7805dec\" data-element_type=\"widget\" data-widget_type=\"text-editor.default\">\n\t\t\t\t<div class=\"elementor-widget-container\">\n\t\t\t\t\t\t\t\t\t<p>Les normes, les labels et les certifications permettent d\u2019attester de la qualit\u00e9 d\u2019une action de formation. Cette d\u00e9marche engag\u00e9e volontairement par notre organisme de formation constitue un gage de confiance et de s\u00e9rieux pour ses clients.<\/p><p>Aussi Control^C, votre organisme de formation depuis plus de trente ans, est heureux et fier de vous confirmer la d\u00e9tention de sa certification Qualiopi depuis mai 2021.<\/p><p>C&rsquo;est \u00e0 la fois la preuve que les formations organis\u00e9es pas Control^C r\u00e9pondent aux exigences du R\u00e9f\u00e9rentiel National Qualit\u00e9 voulues par le l\u00e9gislateur et un gage de qualit\u00e9 de la p\u00e9dagogie dispens\u00e9es par nos formateurs dans leurs sp\u00e9cialit\u00e9s respectives.\u00a0<\/p><p>Gr\u00e2ce \u00e0 cette certification, vos apprenants pourront toujours b\u00e9n\u00e9ficier des aides financi\u00e8res propos\u00e9es par le OPCO et les autres dispositifs de prise en charge, pour toute formation suivie au sein de notre organisme.<\/p><p><span style=\"font-size: 10.0pt; font-family: 'Century Gothic',sans-serif;\">\u00a0<\/span><span style=\"color: var( --e-global-color-text ); font-family: var( --e-global-typography-text-font-family ), Sans-serif; font-weight: var( --e-global-typography-text-font-weight );\">Vous trouverez, ci dessous, les fiches de nos diff\u00e9rentes certifications afin de connaitre leurs objectifs, leurs comp\u00e9tences attest\u00e9es et leur modalit\u00e9 d&rsquo;\u00e9valuation.<\/span><\/p><p>Nous restons \u00e0 votre \u00e9coute pour toute pr\u00e9cision.<\/p>\t\t\t\t\t\t\t\t<\/div>\n\t\t\t\t<\/div>\n\t\t\t\t<div class=\"elementor-element elementor-element-78180cd elementor-align-center elementor-widget elementor-widget-button\" data-id=\"78180cd\" data-element_type=\"widget\" data-widget_type=\"button.default\">\n\t\t\t\t<div class=\"elementor-widget-container\">\n\t\t\t\t\t\t\t\t\t<div class=\"elementor-button-wrapper\">\n\t\t\t\t\t<a class=\"elementor-button elementor-button-link elementor-size-md\" href=\"https:\/\/controlc.fr\/wp-content\/uploads\/2025\/02\/qualiopi_certificat_19-05-2024_18-05-2027.pdf\">\n\t\t\t\t\t\t<span class=\"elementor-button-content-wrapper\">\n\t\t\t\t\t\t\t\t\t<span class=\"elementor-button-text\">Cliquez ici pour afficher notre certificat Qualiopi<\/span>\n\t\t\t\t\t<\/span>\n\t\t\t\t\t<\/a>\n\t\t\t\t<\/div>\n\t\t\t\t\t\t\t\t<\/div>\n\t\t\t\t<\/div>\n\t\t\t\t<div class=\"elementor-element elementor-element-03ee438 elementor-widget elementor-widget-image\" data-id=\"03ee438\" data-element_type=\"widget\" data-widget_type=\"image.default\">\n\t\t\t\t<div class=\"elementor-widget-container\">\n\t\t\t\t\t\t\t\t\t\t\t\t\t\t\t<img decoding=\"async\" src=\"https:\/\/controlc.fr\/wp-content\/uploads\/2023\/12\/qualiopi_certificat_19-05-2021_18-05-2024.pdf\" title=\"\" alt=\"\" loading=\"lazy\" \/>\t\t\t\t\t\t\t\t\t\t\t\t\t\t\t<\/div>\n\t\t\t\t<\/div>\n\t\t\t\t\t<\/div>\n\t\t<\/div>\n\t\t\t\t\t<\/div>\n\t\t<\/section>\n\t\t\t\t<section class=\"elementor-section elementor-top-section elementor-element elementor-element-9ced1c6 elementor-section-boxed elementor-section-height-default elementor-section-height-default\" data-id=\"9ced1c6\" data-element_type=\"section\">\n\t\t\t\t\t\t<div class=\"elementor-container elementor-column-gap-default\">\n\t\t\t\t\t<div class=\"elementor-column elementor-col-100 elementor-top-column elementor-element elementor-element-881c242\" data-id=\"881c242\" data-element_type=\"column\">\n\t\t\t<div class=\"elementor-widget-wrap elementor-element-populated\">\n\t\t\t\t\t\t<div class=\"elementor-element elementor-element-d3d4b58 elementor-arrows-position-inside elementor-pagination-position-outside elementor-widget elementor-widget-image-carousel\" data-id=\"d3d4b58\" data-element_type=\"widget\" data-settings=\"{&quot;navigation&quot;:&quot;both&quot;,&quot;autoplay&quot;:&quot;yes&quot;,&quot;pause_on_hover&quot;:&quot;yes&quot;,&quot;pause_on_interaction&quot;:&quot;yes&quot;,&quot;autoplay_speed&quot;:5000,&quot;infinite&quot;:&quot;yes&quot;,&quot;speed&quot;:500}\" data-widget_type=\"image-carousel.default\">\n\t\t\t\t<div class=\"elementor-widget-container\">\n\t\t\t\t\t\t\t<div class=\"elementor-image-carousel-wrapper swiper\" role=\"region\" aria-roledescription=\"carousel\" aria-label=\"Carrousel d\u2019images\" dir=\"ltr\">\n\t\t\t<div class=\"elementor-image-carousel swiper-wrapper\" aria-live=\"off\">\n\t\t\t\t\t\t\t\t<div class=\"swiper-slide\" role=\"group\" aria-roledescription=\"slide\" aria-label=\"1 sur 4\"><figure class=\"swiper-slide-inner\"><img decoding=\"async\" class=\"swiper-slide-image\" src=\"https:\/\/controlc.fr\/wp-content\/uploads\/2021\/04\/toeic-e1626090827802.png\" alt=\"Toeic logo\" \/><\/figure><\/div><div class=\"swiper-slide\" role=\"group\" aria-roledescription=\"slide\" aria-label=\"2 sur 4\"><figure class=\"swiper-slide-inner\"><img decoding=\"async\" class=\"swiper-slide-image\" src=\"https:\/\/controlc.fr\/wp-content\/uploads\/2022\/06\/Logo-norme-2022-1-e1689683362870-300x182.jpg\" alt=\"Qualiopi logo\" \/><\/figure><\/div><div class=\"swiper-slide\" role=\"group\" aria-roledescription=\"slide\" aria-label=\"3 sur 4\"><figure class=\"swiper-slide-inner\"><img decoding=\"async\" class=\"swiper-slide-image\" src=\"https:\/\/controlc.fr\/wp-content\/uploads\/2024\/02\/centreagree-300x91.png\" alt=\"centre agr\u00e9\u00e9 TOSA\" \/><\/figure><\/div><div class=\"swiper-slide\" role=\"group\" aria-roledescription=\"slide\" aria-label=\"4 sur 4\"><figure class=\"swiper-slide-inner\"><img decoding=\"async\" class=\"swiper-slide-image\" src=\"https:\/\/controlc.fr\/wp-content\/uploads\/2024\/02\/cv-300x265.png\" alt=\"cv\" \/><\/figure><\/div>\t\t\t<\/div>\n\t\t\t\t\t\t\t\t\t\t\t\t<div class=\"elementor-swiper-button elementor-swiper-button-prev\" role=\"button\" tabindex=\"0\">\n\t\t\t\t\t\t<i aria-hidden=\"true\" class=\"eicon-chevron-left\"><\/i>\t\t\t\t\t<\/div>\n\t\t\t\t\t<div class=\"elementor-swiper-button elementor-swiper-button-next\" role=\"button\" tabindex=\"0\">\n\t\t\t\t\t\t<i aria-hidden=\"true\" class=\"eicon-chevron-right\"><\/i>\t\t\t\t\t<\/div>\n\t\t\t\t\n\t\t\t\t\t\t\t\t\t<div class=\"swiper-pagination\"><\/div>\n\t\t\t\t\t\t\t\t\t<\/div>\n\t\t\t\t\t\t<\/div>\n\t\t\t\t<\/div>\n\t\t\t\t\t<\/div>\n\t\t<\/div>\n\t\t\t\t\t<\/div>\n\t\t<\/section>\n\t\t\t\t<section class=\"elementor-section elementor-top-section elementor-element elementor-element-b1917a7 elementor-section-boxed elementor-section-height-default elementor-section-height-default\" data-id=\"b1917a7\" data-element_type=\"section\">\n\t\t\t\t\t\t<div class=\"elementor-container elementor-column-gap-default\">\n\t\t\t\t\t<div class=\"elementor-column elementor-col-25 elementor-top-column elementor-element elementor-element-ba61e6c\" data-id=\"ba61e6c\" data-element_type=\"column\">\n\t\t\t<div class=\"elementor-widget-wrap\">\n\t\t\t\t\t\t\t<\/div>\n\t\t<\/div>\n\t\t\t\t<div class=\"elementor-column elementor-col-25 elementor-top-column elementor-element elementor-element-753fbef\" data-id=\"753fbef\" data-element_type=\"column\">\n\t\t\t<div class=\"elementor-widget-wrap elementor-element-populated\">\n\t\t\t\t\t\t<div class=\"elementor-element elementor-element-c1cabda elementor-align-center elementor-widget elementor-widget-button\" data-id=\"c1cabda\" data-element_type=\"widget\" data-widget_type=\"button.default\">\n\t\t\t\t<div class=\"elementor-widget-container\">\n\t\t\t\t\t\t\t\t\t<div class=\"elementor-button-wrapper\">\n\t\t\t\t\t<a class=\"elementor-button elementor-button-link elementor-size-sm\" href=\"https:\/\/controlc.fr\/wp-content\/uploads\/2022\/07\/ControlC_nos-certifications_Tosa-complet.pdf\" target=\"_blank\">\n\t\t\t\t\t\t<span class=\"elementor-button-content-wrapper\">\n\t\t\t\t\t\t\t\t\t<span class=\"elementor-button-text\">TOSA<\/span>\n\t\t\t\t\t<\/span>\n\t\t\t\t\t<\/a>\n\t\t\t\t<\/div>\n\t\t\t\t\t\t\t\t<\/div>\n\t\t\t\t<\/div>\n\t\t\t\t\t<\/div>\n\t\t<\/div>\n\t\t\t\t<div class=\"elementor-column elementor-col-25 elementor-top-column elementor-element elementor-element-a70a24d\" data-id=\"a70a24d\" data-element_type=\"column\">\n\t\t\t<div class=\"elementor-widget-wrap elementor-element-populated\">\n\t\t\t\t\t\t<div class=\"elementor-element elementor-element-03c194e elementor-align-center elementor-widget elementor-widget-button\" data-id=\"03c194e\" data-element_type=\"widget\" data-widget_type=\"button.default\">\n\t\t\t\t<div class=\"elementor-widget-container\">\n\t\t\t\t\t\t\t\t\t<div class=\"elementor-button-wrapper\">\n\t\t\t\t\t<a class=\"elementor-button elementor-button-link elementor-size-sm\" href=\"https:\/\/controlc.fr\/wp-content\/uploads\/2021\/05\/ControlC_nos-certifications_TOEIC.pdf\" target=\"_blank\">\n\t\t\t\t\t\t<span class=\"elementor-button-content-wrapper\">\n\t\t\t\t\t\t\t\t\t<span class=\"elementor-button-text\">TOEIC<\/span>\n\t\t\t\t\t<\/span>\n\t\t\t\t\t<\/a>\n\t\t\t\t<\/div>\n\t\t\t\t\t\t\t\t<\/div>\n\t\t\t\t<\/div>\n\t\t\t\t\t<\/div>\n\t\t<\/div>\n\t\t\t\t<div class=\"elementor-column elementor-col-25 elementor-top-column elementor-element elementor-element-b6208cc\" data-id=\"b6208cc\" data-element_type=\"column\">\n\t\t\t<div class=\"elementor-widget-wrap\">\n\t\t\t\t\t\t\t<\/div>\n\t\t<\/div>\n\t\t\t\t\t<\/div>\n\t\t<\/section>\n\t\t\t\t<\/div>\n\t\t","protected":false},"excerpt":{"rendered":"<p>Les normes, les labels et les certifications permettent d\u2019attester de la qualit\u00e9 d\u2019une action de formation. Cette d\u00e9marche engag\u00e9e volontairement par notre organisme de formation constitue un gage de confiance et de s\u00e9rieux pour ses clients. Aussi Control^C, votre organisme de formation depuis plus de trente ans, est heureux et&hellip;<\/p>\n","protected":false},"author":1,"featured_media":0,"parent":0,"menu_order":0,"comment_status":"closed","ping_status":"closed","template":"elementor_header_footer","meta":{"footnotes":""},"class_list":["post-2006","page","type-page","status-publish","hentry"],"yoast_head":"<!-- This site is optimized with the Yoast SEO plugin v24.4 - https:\/\/yoast.com\/wordpress\/plugins\/seo\/ -->\n<title>Nos certifications -<\/title>\n<meta name=\"description\" content=\"Nos certifications : QUALIOPI pour notre d\u00e9marche qualit\u00e9, le TOSA pour valider nos formations bureautiques via votre CPF\" \/>\n<meta name=\"robots\" content=\"index, follow, max-snippet:-1, max-image-preview:large, max-video-preview:-1\" \/>\n<link rel=\"canonical\" href=\"https:\/\/controlc.fr\/index.php\/nos-certifications\/\" \/>\n<meta property=\"og:locale\" content=\"fr_FR\" \/>\n<meta property=\"og:type\" content=\"article\" \/>\n<meta property=\"og:title\" content=\"Nos certifications -\" \/>\n<meta property=\"og:description\" content=\"Nos certifications : QUALIOPI pour notre d\u00e9marche qualit\u00e9, le TOSA pour valider nos formations bureautiques via votre CPF\" \/>\n<meta property=\"og:url\" content=\"https:\/\/controlc.fr\/index.php\/nos-certifications\/\" \/>\n<meta property=\"article:modified_time\" content=\"2025-02-24T15:19:49+00:00\" \/>\n<meta property=\"og:image\" content=\"https:\/\/controlc.fr\/wp-content\/uploads\/2023\/12\/qualiopi_certificat_19-05-2021_18-05-2024.pdf\" \/>\n<meta name=\"twitter:card\" content=\"summary_large_image\" \/>\n<meta name=\"twitter:site\" content=\"@controlcmelun\" \/>\n<meta name=\"twitter:label1\" content=\"Dur\u00e9e de lecture estim\u00e9e\" \/>\n\t<meta name=\"twitter:data1\" content=\"4 minutes\" \/>\n<script type=\"application\/ld+json\" class=\"yoast-schema-graph\">{\"@context\":\"https:\/\/schema.org\",\"@graph\":[{\"@type\":\"WebPage\",\"@id\":\"https:\/\/controlc.fr\/index.php\/nos-certifications\/\",\"url\":\"https:\/\/controlc.fr\/index.php\/nos-certifications\/\",\"name\":\"Nos certifications -\",\"isPartOf\":{\"@id\":\"https:\/\/controlc.fr\/#website\"},\"primaryImageOfPage\":{\"@id\":\"https:\/\/controlc.fr\/index.php\/nos-certifications\/#primaryimage\"},\"image\":{\"@id\":\"https:\/\/controlc.fr\/index.php\/nos-certifications\/#primaryimage\"},\"thumbnailUrl\":\"https:\/\/controlc.fr\/wp-content\/uploads\/2023\/12\/qualiopi_certificat_19-05-2021_18-05-2024.pdf\",\"datePublished\":\"2021-04-09T08:14:27+00:00\",\"dateModified\":\"2025-02-24T15:19:49+00:00\",\"description\":\"Nos certifications : QUALIOPI pour notre d\u00e9marche qualit\u00e9, le TOSA pour valider nos formations bureautiques via votre CPF\",\"breadcrumb\":{\"@id\":\"https:\/\/controlc.fr\/index.php\/nos-certifications\/#breadcrumb\"},\"inLanguage\":\"fr-FR\",\"potentialAction\":[{\"@type\":\"ReadAction\",\"target\":[\"https:\/\/controlc.fr\/index.php\/nos-certifications\/\"]}]},{\"@type\":\"ImageObject\",\"inLanguage\":\"fr-FR\",\"@id\":\"https:\/\/controlc.fr\/index.php\/nos-certifications\/#primaryimage\",\"url\":\"https:\/\/controlc.fr\/wp-content\/uploads\/2023\/12\/qualiopi_certificat_19-05-2021_18-05-2024.pdf\",\"contentUrl\":\"https:\/\/controlc.fr\/wp-content\/uploads\/2023\/12\/qualiopi_certificat_19-05-2021_18-05-2024.pdf\"},{\"@type\":\"BreadcrumbList\",\"@id\":\"https:\/\/controlc.fr\/index.php\/nos-certifications\/#breadcrumb\",\"itemListElement\":[{\"@type\":\"ListItem\",\"position\":1,\"name\":\"Accueil\",\"item\":\"https:\/\/controlc.fr\/\"},{\"@type\":\"ListItem\",\"position\":2,\"name\":\"Nos certifications\"}]},{\"@type\":\"WebSite\",\"@id\":\"https:\/\/controlc.fr\/#website\",\"url\":\"https:\/\/controlc.fr\/\",\"name\":\"Controlc.fr\",\"description\":\"\",\"publisher\":{\"@id\":\"https:\/\/controlc.fr\/#organization\"},\"potentialAction\":[{\"@type\":\"SearchAction\",\"target\":{\"@type\":\"EntryPoint\",\"urlTemplate\":\"https:\/\/controlc.fr\/?s={search_term_string}\"},\"query-input\":{\"@type\":\"PropertyValueSpecification\",\"valueRequired\":true,\"valueName\":\"search_term_string\"}}],\"inLanguage\":\"fr-FR\"},{\"@type\":\"Organization\",\"@id\":\"https:\/\/controlc.fr\/#organization\",\"name\":\"Control^C\",\"url\":\"https:\/\/controlc.fr\/\",\"logo\":{\"@type\":\"ImageObject\",\"inLanguage\":\"fr-FR\",\"@id\":\"https:\/\/controlc.fr\/#\/schema\/logo\/image\/\",\"url\":\"https:\/\/controlc.fr\/wp-content\/uploads\/2020\/12\/cropped-cropped-cropped-logo-melun.png\",\"contentUrl\":\"https:\/\/controlc.fr\/wp-content\/uploads\/2020\/12\/cropped-cropped-cropped-logo-melun.png\",\"width\":427,\"height\":100,\"caption\":\"Control^C\"},\"image\":{\"@id\":\"https:\/\/controlc.fr\/#\/schema\/logo\/image\/\"},\"sameAs\":[\"https:\/\/x.com\/controlcmelun\",\"https:\/\/www.linkedin.com\/company\/8009384\"]}]}<\/script>\n<!-- \/ Yoast SEO plugin. -->","yoast_head_json":{"title":"Nos certifications -","description":"Nos certifications : QUALIOPI pour notre d\u00e9marche qualit\u00e9, le TOSA pour valider nos formations bureautiques via votre CPF","robots":{"index":"index","follow":"follow","max-snippet":"max-snippet:-1","max-image-preview":"max-image-preview:large","max-video-preview":"max-video-preview:-1"},"canonical":"https:\/\/controlc.fr\/index.php\/nos-certifications\/","og_locale":"fr_FR","og_type":"article","og_title":"Nos certifications -","og_description":"Nos certifications : QUALIOPI pour notre d\u00e9marche qualit\u00e9, le TOSA pour valider nos formations bureautiques via votre CPF","og_url":"https:\/\/controlc.fr\/index.php\/nos-certifications\/","article_modified_time":"2025-02-24T15:19:49+00:00","og_image":[{"url":"https:\/\/controlc.fr\/wp-content\/uploads\/2023\/12\/qualiopi_certificat_19-05-2021_18-05-2024.pdf","type":"","width":"","height":""}],"twitter_card":"summary_large_image","twitter_site":"@controlcmelun","twitter_misc":{"Dur\u00e9e de lecture estim\u00e9e":"4 minutes"},"schema":{"@context":"https:\/\/schema.org","@graph":[{"@type":"WebPage","@id":"https:\/\/controlc.fr\/index.php\/nos-certifications\/","url":"https:\/\/controlc.fr\/index.php\/nos-certifications\/","name":"Nos certifications -","isPartOf":{"@id":"https:\/\/controlc.fr\/#website"},"primaryImageOfPage":{"@id":"https:\/\/controlc.fr\/index.php\/nos-certifications\/#primaryimage"},"image":{"@id":"https:\/\/controlc.fr\/index.php\/nos-certifications\/#primaryimage"},"thumbnailUrl":"https:\/\/controlc.fr\/wp-content\/uploads\/2023\/12\/qualiopi_certificat_19-05-2021_18-05-2024.pdf","datePublished":"2021-04-09T08:14:27+00:00","dateModified":"2025-02-24T15:19:49+00:00","description":"Nos certifications : QUALIOPI pour notre d\u00e9marche qualit\u00e9, le TOSA pour valider nos formations bureautiques via votre CPF","breadcrumb":{"@id":"https:\/\/controlc.fr\/index.php\/nos-certifications\/#breadcrumb"},"inLanguage":"fr-FR","potentialAction":[{"@type":"ReadAction","target":["https:\/\/controlc.fr\/index.php\/nos-certifications\/"]}]},{"@type":"ImageObject","inLanguage":"fr-FR","@id":"https:\/\/controlc.fr\/index.php\/nos-certifications\/#primaryimage","url":"https:\/\/controlc.fr\/wp-content\/uploads\/2023\/12\/qualiopi_certificat_19-05-2021_18-05-2024.pdf","contentUrl":"https:\/\/controlc.fr\/wp-content\/uploads\/2023\/12\/qualiopi_certificat_19-05-2021_18-05-2024.pdf"},{"@type":"BreadcrumbList","@id":"https:\/\/controlc.fr\/index.php\/nos-certifications\/#breadcrumb","itemListElement":[{"@type":"ListItem","position":1,"name":"Accueil","item":"https:\/\/controlc.fr\/"},{"@type":"ListItem","position":2,"name":"Nos certifications"}]},{"@type":"WebSite","@id":"https:\/\/controlc.fr\/#website","url":"https:\/\/controlc.fr\/","name":"Controlc.fr","description":"","publisher":{"@id":"https:\/\/controlc.fr\/#organization"},"potentialAction":[{"@type":"SearchAction","target":{"@type":"EntryPoint","urlTemplate":"https:\/\/controlc.fr\/?s={search_term_string}"},"query-input":{"@type":"PropertyValueSpecification","valueRequired":true,"valueName":"search_term_string"}}],"inLanguage":"fr-FR"},{"@type":"Organization","@id":"https:\/\/controlc.fr\/#organization","name":"Control^C","url":"https:\/\/controlc.fr\/","logo":{"@type":"ImageObject","inLanguage":"fr-FR","@id":"https:\/\/controlc.fr\/#\/schema\/logo\/image\/","url":"https:\/\/controlc.fr\/wp-content\/uploads\/2020\/12\/cropped-cropped-cropped-logo-melun.png","contentUrl":"https:\/\/controlc.fr\/wp-content\/uploads\/2020\/12\/cropped-cropped-cropped-logo-melun.png","width":427,"height":100,"caption":"Control^C"},"image":{"@id":"https:\/\/controlc.fr\/#\/schema\/logo\/image\/"},"sameAs":["https:\/\/x.com\/controlcmelun","https:\/\/www.linkedin.com\/company\/8009384"]}]}},"_links":{"self":[{"href":"https:\/\/controlc.fr\/index.php\/wp-json\/wp\/v2\/pages\/2006","targetHints":{"allow":["GET"]}}],"collection":[{"href":"https:\/\/controlc.fr\/index.php\/wp-json\/wp\/v2\/pages"}],"about":[{"href":"https:\/\/controlc.fr\/index.php\/wp-json\/wp\/v2\/types\/page"}],"author":[{"embeddable":true,"href":"https:\/\/controlc.fr\/index.php\/wp-json\/wp\/v2\/users\/1"}],"replies":[{"embeddable":true,"href":"https:\/\/controlc.fr\/index.php\/wp-json\/wp\/v2\/comments?post=2006"}],"version-history":[{"count":70,"href":"https:\/\/controlc.fr\/index.php\/wp-json\/wp\/v2\/pages\/2006\/revisions"}],"predecessor-version":[{"id":5997,"href":"https:\/\/controlc.fr\/index.php\/wp-json\/wp\/v2\/pages\/2006\/revisions\/5997"}],"wp:attachment":[{"href":"https:\/\/controlc.fr\/index.php\/wp-json\/wp\/v2\/media?parent=2006"}],"curies":[{"name":"wp","href":"https:\/\/api.w.org\/{rel}","templated":true}]}}