{"id":1918,"date":"2021-03-31T11:08:10","date_gmt":"2021-03-31T09:08:10","guid":{"rendered":"http:\/\/thjjwyy.cluster030.hosting.ovh.net\/?page_id=1918"},"modified":"2025-06-11T09:40:44","modified_gmt":"2025-06-11T07:40:44","slug":"cpf-2","status":"publish","type":"page","link":"https:\/\/controlc.fr\/index.php\/cpf-2\/","title":{"rendered":"Compte Personnel de Formation (CPF)"},"content":{"rendered":"\t\t<div data-elementor-type=\"wp-page\" data-elementor-id=\"1918\" class=\"elementor elementor-1918\">\n\t\t\t\t\t\t<section class=\"elementor-section elementor-top-section elementor-element elementor-element-36fa9b4f elementor-section-height-min-height elementor-section-items-top elementor-section-content-top elementor-section-boxed elementor-section-height-default\" data-id=\"36fa9b4f\" data-element_type=\"section\">\n\t\t\t\t\t\t<div class=\"elementor-container elementor-column-gap-default\">\n\t\t\t\t\t<div class=\"elementor-column elementor-col-100 elementor-top-column elementor-element elementor-element-5bc1738c\" data-id=\"5bc1738c\" data-element_type=\"column\">\n\t\t\t<div class=\"elementor-widget-wrap elementor-element-populated\">\n\t\t\t\t\t\t<div class=\"elementor-element elementor-element-749a63de elementor-widget elementor-widget-text-editor\" data-id=\"749a63de\" data-element_type=\"widget\" data-widget_type=\"text-editor.default\">\n\t\t\t\t<div class=\"elementor-widget-container\">\n\t\t\t\t\t\t\t\t\t<p><!-- \/wp:heading --><!-- wp:paragraph --><\/p>\n<p><!-- \/wp:paragraph --><!-- wp:heading --><\/p>\n<h2><img fetchpriority=\"high\" decoding=\"async\" src=\"https:\/\/controlc.fr\/wp-content\/uploads\/2023\/03\/photo_telephone_in_situ_neutre-300x225.jpg\" alt=\"\" width=\"300\" height=\"225\" \/>Qu&rsquo;est ce que le compte personnel de formation (CPF) ?<\/h2>\n<p>Le Compte personnel de formation (CPF) permet \u00e0 toute personne active, d\u00e8s son entr\u00e9e sur le march\u00e9 du travail et jusqu\u2019\u00e0 la date \u00e0 laquelle elle fait valoir l\u2019ensemble de ses droits \u00e0 la retraite, d\u2019acqu\u00e9rir des droits \u00e0 la formation mobilisables tout au long de sa vie professionnelle. L\u2019ambition du Compte personnel de formation (CPF) est ainsi de contribuer, \u00e0 l\u2019initiative de la personne elle-m\u00eame, au maintien de l\u2019employabilit\u00e9 et \u00e0 la s\u00e9curisation du parcours professionnel.<\/p>\n<h2>A qui s\u2019adresse le CPF ?<\/h2>\n<p><!-- \/wp:heading --><!-- wp:paragraph --><\/p>\n<p>Le Compte personnel de formation (CPF) s\u2019adresse \u00e0 toutes les personnes de 16 ans et plus et, par d\u00e9rogation, aux jeunes de 15 ans, ayant sign\u00e9 un contrat d\u2019apprentissage. Le Compte personnel de formation (CPF) est ferm\u00e9 \u00e0 la date \u00e0 la laquelle son titulaire \u00e0 fait valoir l\u2019ensemble de ses droits \u00e0 la retraite.<\/p>\n<p>\u00a0<a title=\"MonCompteFormation.gouv.fr (nouvelle fen\u00eatre)\" href=\"https:\/\/www.moncompteformation.gouv.fr\/espace-prive\/html\/#\/\" target=\"_blank\" rel=\"external noopener noreferrer\">MonCompteFormation.gouv.fr<\/a><\/p>\n<p><!-- \/wp:paragraph --><!-- wp:heading --><\/p>\n<h2>Comment consulter son Compte personnel de formation (CPF)\u00a0?<\/h2>\n<p><!-- \/wp:heading --><!-- wp:paragraph --><\/p>\n<p>Chaque personne dispose, sur le site officiel <a title=\"moncompteformation.gouv.fr (nouvelle fen\u00eatre)\" href=\"https:\/\/www.moncompteformation.gouv.fr\/\" target=\"_blank\" rel=\"external noopener noreferrer\">moncompteformation.gouv.fr<\/a>\u00a0d\u2019un espace personnel s\u00e9curis\u00e9 lui permettant de s\u2019identifier sur son Compte personnel de formation (CPF).<br \/>Ce site lui permet \u00e9galement\u00a0:<\/p>\n<p>&#8211; d\u2019acc\u00e9der aux informations qui le concernent (par exemple : le cr\u00e9dit en euros enregistr\u00e9 sur son compte) ;<\/p>\n<p>-d\u2019obtenir des informations sur les formations auxquelles il peut recourir dans le cadre du Compte personnel de formation (les formations \u00e9ligibles au Compte personnel de formation) ;<\/p>\n<p>-d\u2019avoir un premier niveau d\u2019information sur les financements de formation ;<\/p>\n<p>-d\u2019avoir acc\u00e8s \u00e0 des services num\u00e9riques en lien avec l\u2019orientation professionnelle comme le [service gratuit du conseiller en \u00e9volution professionnelle (CEP)<\/p>\n<p><!-- \/wp:paragraph --><!-- wp:image {\"id\":1297} --><\/p>\n<figure><\/figure>\n<p><!-- \/wp:image --><!-- wp:paragraph --><\/p>\n<p><strong>En raison d\u2019un travail constant sur l\u2019am\u00e9lioration de la qualit\u00e9 de ses offres de formation,\u00a0 CONTROL^C est certifi\u00e9 Qualiopi fait partie des organismes r\u00e9f\u00e9renc\u00e9s sur le site du compte formation <em>.<a href=\"https:\/\/www.moncompteformation.gouv.fr\/espace-prive\/html\/#\/\"><img decoding=\"async\" class=\"aligncenter\" src=\"https:\/\/controlc.fr\/wp-content\/uploads\/2023\/03\/900x450-2-300x150.gif\" alt=\"\" width=\"300\" height=\"150\" \/><\/a><\/em><\/strong><\/p>\n<p><!-- \/wp:paragraph --><!-- wp:heading --><\/p>\n<h2>Comment est aliment\u00e9 le Compte personnel de formation (CPF) et quel montant est cr\u00e9dit\u00e9 ?<\/h2>\n<p><!-- \/wp:heading --><!-- wp:paragraph --><\/p>\n<p>Depuis le 1<sup>er<\/sup>\u00a0janvier 2019, chaque actif (hors agents publics) dispose d\u2019un Compte personnel de formation (CPF) cr\u00e9dit\u00e9 en euros et non plus en heures.<\/p>\n<p><strong>Les salari\u00e9s<\/strong><br \/>Depuis 2020, les salari\u00e9s ayant effectu\u00e9 une dur\u00e9e de travail sup\u00e9rieure ou \u00e9gale \u00e0 la moiti\u00e9 de la dur\u00e9e l\u00e9gale ou conventionnelle du travail sur l\u2019ensemble de l\u2019ann\u00e9e 2019 ont acquis<strong>\u00a0500 euros par an pour se former<\/strong>\u00a0(plafonn\u00e9 \u00e0 5 000 euros).<\/p>\n<p>Salari\u00e9s \u00e0 temps plein, \u00e0 temps partiel , travailleurs ind\u00e9pendants, en recherche d&#8217;emploi etc. &#8230; Consultez vos droits en vous connectant \u00e0 votre espace priv\u00e9 sur le site : <a href=\"https:\/\/www.moncompteformation.gouv.fr\/espace-prive\/html\/#\/droits\">Consulter mes droits formation | Mon Compte Formation<\/a><\/p>\n<p><strong>Les agents publics<\/strong><br \/>Consultez le site de la\u00a0<a title=\"Direction g\u00e9n\u00e9rale de l\u2019administration et de la fonction publique (DGAFP). (nouvelle fen\u00eatre)\" href=\"https:\/\/www.service-public.fr\/particuliers\/vosdroits\/F18090\" target=\"_blank\" rel=\"external noopener noreferrer\">Direction g\u00e9n\u00e9rale de l\u2019administration et de la fonction publique (DGAFP).<\/a><\/p>\n<p><strong>2024: <span class=\"field field--name-title field--type-string field--label-hidden\">Une participation financi\u00e8re obligatoire pour mobiliser vos droits CPF<\/span><\/strong><\/p>\n<p>Le d\u00e9cret <a href=\"https:\/\/www.legifrance.gouv.fr\/jorf\/id\/JORFTEXT000049486478\" class=\"broken_link\">n\u00b0 2024-394 du 29 avril 2024<\/a> relatif \u00e0 la participation obligatoire au financement des formations \u00e9ligibles au Compte personnel de formation, fixe le montant de la participation obligatoire que les titulaires qui souhaitent mobiliser leurs droits CPF doivent s\u2019acquitter pour souscrire \u00e0 une formation propos\u00e9e sur Mon Compte Formation. Cette participation financi\u00e8re obligatoire, d\u2019un montant de 100 \u20ac, est appliqu\u00e9e \u00e0 compter du 2 mai 2024. Explications sur les d\u00e9tails de cette mesure et sur les personnes concern\u00e9es \u00e0 lire en suivant ce lien : <a href=\"https:\/\/www.moncompteformation.gouv.fr\/espace-public\/une-participation-financiere-obligatoire-pour-mobiliser-vos-droits-cpf\">Une participation financi\u00e8re obligatoire pour mobiliser vos droits CPF (moncompteformation.gouv.fr)<\/a><\/p>\n<p><!-- \/wp:paragraph --><!-- wp:paragraph --><\/p>\n<p><!-- \/wp:paragraph --><!-- wp:heading --><\/p>\n<h2>Comment utiliser le Compte personnel de formation (CPF)\u00a0?<\/h2>\n<p><!-- \/wp:heading --><!-- wp:paragraph --><\/p>\n<p>Le Compte personnel de formation (CPF) est mobilis\u00e9 par le titulaire ou son repr\u00e9sentant l\u00e9gal afin qu\u2019il puisse suivre, \u00e0 son initiative, une formation.<br \/>Le compte ne peut \u00eatre mobilis\u00e9 qu\u2019avec l\u2019accord expr\u00e8s de son titulaire ou de son repr\u00e9sentant l\u00e9gal.<br \/>Les dispositions applicables figurent aux articles L. 6323-33 \u00e0 L. 6323-42 du Code du travail.<br \/><strong>les droits acquis ne peuvent \u00eatre utilis\u00e9s qu\u2019avec l\u2019accord expr\u00e8s de la personne<\/strong>.<\/p>\n<p><!-- \/wp:paragraph --><!-- wp:heading --><\/p>\n<p>Pour toute autre pr\u00e9cision vous pouvez vous r\u00e9f\u00e9rer \u00e0 la page :<\/p>\n<p><a href=\"https:\/\/travail-emploi.gouv.fr\/formation-professionnelle\/droit-a-la-formation-et-orientation-professionnelle\/compte-personnel-formation\">Compte personnel de formation (CPF) &#8211; Minist\u00e8re du Travail, du Plein emploi et de l&rsquo;Insertion (travail-emploi.gouv.fr)<\/a><\/p>\n<p><!-- \/wp:paragraph --><!-- wp:heading --><\/p>\n<h2>Les formations CONTROL^C peuvent-elles \u00eatre financ\u00e9es dans le cadre du CPF ?<\/h2>\n<p><!-- \/wp:heading --><!-- wp:paragraph --><\/p>\n<p>Pour qu\u2019une formation puisse \u00eatre financ\u00e9e dans le cadre du CPF, elle doit \u00eatre certifiante.<br \/>Pour se faire CONTROL^C propose les certifications <a href=\"https:\/\/www.etsglobal.org\/fr\/fr\">TOEIC<\/a>, <a href=\"https:\/\/www.tosa.org\/FR\/index\">TOSA<\/a>. Toutes les formations pr\u00e9sentes sur notre site et pour lesquelles nous proposons une certification peuvent \u00eatre financ\u00e9es dans le cadre du CPF.<br \/>Pour vous aider dans votre recherche, CONTROL^C vous accompagne, contactez-nous. Pour rechercher si votre formation est \u00e9ligible, reportez-vous sur le site\u00a0: <a href=\"https:\/\/www.moncompteformation.gouv.fr\/espace-public\/aide\/mon-compte\">Mon compte | Mon compte formation<\/a><\/p>\n<p><!-- \/wp:paragraph --><!-- wp:heading --><\/p>\n<p><!-- \/wp:paragraph --><!-- wp:paragraph --><\/p>\n<p>Avec CONTROL^C, vous pouvez vous former dans le cadre de votre CPF, en langues et en bureautique. Nous offrons des formations certifiantes, \u00e9ligibles au CPF. Cela vous permet de vous former de mani\u00e8re efficace, avec une certification officielle et reconnue \u00e0 la fin de votre formation !<\/p>\n<p><!-- \/wp:paragraph --><!-- wp:paragraph --><\/p>\n<p>Pour plus d\u2019informations sur l\u2019utilisation de votre compte CPF pour votre formation, contactez votre responsable d\u2019agence pr\u00e8s de chez vous.<\/p>\n<p><!-- \/wp:paragraph --><!-- wp:heading {\"level\":3} --><\/p>\n<h3><strong>Vous souhaitez vous former en <a href=\"https:\/\/controlc.fr\/index.php\/course-category\/bureautique\/\">BUREAUTIQUE<\/a>, dans le cadre de votre CPF.<\/strong><\/h3>\n<p><!-- \/wp:heading --><!-- wp:paragraph --><\/p>\n<figure id=\"attachment_2990\" aria-describedby=\"caption-attachment-2990\" style=\"width: 67px\" class=\"wp-caption alignright\"><img decoding=\"async\" src=\"https:\/\/controlc.fr\/wp-content\/uploads\/2021\/07\/Certification_eligible_cpf-1-150x150.png\" alt=\"formations de control C eligibles au CPF\" width=\"67\" height=\"70\" \/><figcaption id=\"caption-attachment-2990\" class=\"wp-caption-text\">Certification \u00e9ligible au CPF<\/figcaption><\/figure>\n<p>CONTROL^C associe ses parcours de\u00a0<strong>formation en bureautique avec <a href=\"https:\/\/controlc.fr\/index.php\/tosa\/\">les certifications TOSA<\/a> .<\/strong><\/p>\n<p><!-- \/wp:paragraph --><!-- wp:paragraph --><\/p>\n<p>Le TOSA est une certification des comp\u00e9tences informatiques (logiciels de bureautique, comp\u00e9tences digitales ou logiciels de PAO, CAO, DAO) qui s\u2019adresse \u00e0 tout particulier, salari\u00e9, \u00e9tudiant, demandeur d&#8217;emploi, militaire en reconversion, souhaitant am\u00e9liorer son employabilit\u00e9 en certifiant son niveau de ma\u00eetrise dans l\u2019utilisation de ces outils, quel que soit le domaine d\u2019activit\u00e9 professionnelle.<\/p>\n<p>Le TOSA est la certification par excellence des comp\u00e9tences bureautiques, reconnue dans l\u2019environnement professionnel.<img loading=\"lazy\" decoding=\"async\" src=\"https:\/\/controlc.fr\/wp-content\/uploads\/2023\/03\/ZoomCV-digital-300x269.png\" alt=\"\" width=\"300\" height=\"269\" \/><\/p>\n<p>Utilis\u00e9 par des milliers d\u2019entreprises, d\u2019\u00e9tablissements d\u2019enseignement sup\u00e9rieur et d&rsquo;organismes de formation \u00e0 travers le monde, le Tosa est un standard international d&rsquo;\u00e9valuation et de certification des comp\u00e9tences bureautiques et digitales.<\/p>\n<p>Les certifications Tosa sont officiellement reconnues par l&rsquo;\u00c9tat et sont inscrites au R\u00e9pertoire Sp\u00e9cifique de France Comp\u00e9tences.<\/p>\n<p>Et parce qu\u2019il est primordial de pouvoir valoriser ses comp\u00e9tences de la m\u00eame fa\u00e7on partout dans le monde, le Tosa est officiellement reconnu en France, aux Pays Bas, au Royaume-Uni, au Canada, et aux \u00c9tats-Unis. Il est propos\u00e9 par plus de 1650 centres agr\u00e9\u00e9s et utilis\u00e9 dans 58 pays.<\/p>\n<p>\u00a0<\/p>\n<p><!-- \/wp:paragraph --><\/p>\t\t\t\t\t\t\t\t<\/div>\n\t\t\t\t<\/div>\n\t\t\t\t\t<\/div>\n\t\t<\/div>\n\t\t\t\t\t<\/div>\n\t\t<\/section>\n\t\t\t\t<\/div>\n\t\t","protected":false},"excerpt":{"rendered":"<p>Qu&rsquo;est ce que le compte personnel de formation (CPF) ? Le Compte personnel de formation (CPF) permet \u00e0 toute personne active, d\u00e8s son entr\u00e9e sur le march\u00e9 du travail et jusqu\u2019\u00e0 la date \u00e0 laquelle elle fait valoir l\u2019ensemble de ses droits \u00e0 la retraite, d\u2019acqu\u00e9rir des droits \u00e0 la&hellip;<\/p>\n","protected":false},"author":1,"featured_media":4135,"parent":0,"menu_order":0,"comment_status":"closed","ping_status":"closed","template":"elementor_header_footer","meta":{"footnotes":""},"class_list":["post-1918","page","type-page","status-publish","has-post-thumbnail","hentry"],"yoast_head":"<!-- This site is optimized with the Yoast SEO plugin v24.4 - https:\/\/yoast.com\/wordpress\/plugins\/seo\/ -->\n<title>Compte Personnel de Formation (CPF) -<\/title>\n<meta name=\"description\" content=\"Cette page d\u00e9crit les modalit\u00e9s du Compte Personnel de Formation. Pour qui, comment le mettre en \u0153uvre par Control^C Melun QUALIOPI\" \/>\n<meta name=\"robots\" content=\"index, follow, max-snippet:-1, max-image-preview:large, max-video-preview:-1\" \/>\n<link rel=\"canonical\" href=\"https:\/\/controlc.fr\/index.php\/cpf-2\/\" \/>\n<meta property=\"og:locale\" content=\"fr_FR\" \/>\n<meta property=\"og:type\" content=\"article\" \/>\n<meta property=\"og:title\" content=\"Compte Personnel de Formation (CPF) -\" \/>\n<meta property=\"og:description\" content=\"Cette page d\u00e9crit les modalit\u00e9s du Compte Personnel de Formation. Pour qui, comment le mettre en \u0153uvre par Control^C Melun QUALIOPI\" \/>\n<meta property=\"og:url\" content=\"https:\/\/controlc.fr\/index.php\/cpf-2\/\" \/>\n<meta property=\"article:modified_time\" content=\"2025-06-11T07:40:44+00:00\" \/>\n<meta property=\"og:image\" content=\"https:\/\/controlc.fr\/wp-content\/uploads\/2023\/02\/photo_telephone_in_situ_neutre.jpg\" \/>\n\t<meta property=\"og:image:width\" content=\"2400\" \/>\n\t<meta property=\"og:image:height\" content=\"1800\" \/>\n\t<meta property=\"og:image:type\" content=\"image\/jpeg\" \/>\n<meta name=\"twitter:card\" content=\"summary_large_image\" \/>\n<meta name=\"twitter:site\" content=\"@controlcmelun\" \/>\n<meta name=\"twitter:label1\" content=\"Dur\u00e9e de lecture estim\u00e9e\" \/>\n\t<meta name=\"twitter:data1\" content=\"6 minutes\" \/>\n<script type=\"application\/ld+json\" class=\"yoast-schema-graph\">{\"@context\":\"https:\/\/schema.org\",\"@graph\":[{\"@type\":\"WebPage\",\"@id\":\"https:\/\/controlc.fr\/index.php\/cpf-2\/\",\"url\":\"https:\/\/controlc.fr\/index.php\/cpf-2\/\",\"name\":\"Compte Personnel de Formation (CPF) -\",\"isPartOf\":{\"@id\":\"https:\/\/controlc.fr\/#website\"},\"primaryImageOfPage\":{\"@id\":\"https:\/\/controlc.fr\/index.php\/cpf-2\/#primaryimage\"},\"image\":{\"@id\":\"https:\/\/controlc.fr\/index.php\/cpf-2\/#primaryimage\"},\"thumbnailUrl\":\"https:\/\/controlc.fr\/wp-content\/uploads\/2023\/02\/photo_telephone_in_situ_neutre.jpg\",\"datePublished\":\"2021-03-31T09:08:10+00:00\",\"dateModified\":\"2025-06-11T07:40:44+00:00\",\"description\":\"Cette page d\u00e9crit les modalit\u00e9s du Compte Personnel de Formation. Pour qui, comment le mettre en \u0153uvre par Control^C Melun QUALIOPI\",\"breadcrumb\":{\"@id\":\"https:\/\/controlc.fr\/index.php\/cpf-2\/#breadcrumb\"},\"inLanguage\":\"fr-FR\",\"potentialAction\":[{\"@type\":\"ReadAction\",\"target\":[\"https:\/\/controlc.fr\/index.php\/cpf-2\/\"]}]},{\"@type\":\"ImageObject\",\"inLanguage\":\"fr-FR\",\"@id\":\"https:\/\/controlc.fr\/index.php\/cpf-2\/#primaryimage\",\"url\":\"https:\/\/controlc.fr\/wp-content\/uploads\/2023\/02\/photo_telephone_in_situ_neutre.jpg\",\"contentUrl\":\"https:\/\/controlc.fr\/wp-content\/uploads\/2023\/02\/photo_telephone_in_situ_neutre.jpg\",\"width\":2400,\"height\":1800},{\"@type\":\"BreadcrumbList\",\"@id\":\"https:\/\/controlc.fr\/index.php\/cpf-2\/#breadcrumb\",\"itemListElement\":[{\"@type\":\"ListItem\",\"position\":1,\"name\":\"Accueil\",\"item\":\"https:\/\/controlc.fr\/\"},{\"@type\":\"ListItem\",\"position\":2,\"name\":\"Compte Personnel de Formation (CPF)\"}]},{\"@type\":\"WebSite\",\"@id\":\"https:\/\/controlc.fr\/#website\",\"url\":\"https:\/\/controlc.fr\/\",\"name\":\"Controlc.fr\",\"description\":\"\",\"publisher\":{\"@id\":\"https:\/\/controlc.fr\/#organization\"},\"potentialAction\":[{\"@type\":\"SearchAction\",\"target\":{\"@type\":\"EntryPoint\",\"urlTemplate\":\"https:\/\/controlc.fr\/?s={search_term_string}\"},\"query-input\":{\"@type\":\"PropertyValueSpecification\",\"valueRequired\":true,\"valueName\":\"search_term_string\"}}],\"inLanguage\":\"fr-FR\"},{\"@type\":\"Organization\",\"@id\":\"https:\/\/controlc.fr\/#organization\",\"name\":\"Control^C\",\"url\":\"https:\/\/controlc.fr\/\",\"logo\":{\"@type\":\"ImageObject\",\"inLanguage\":\"fr-FR\",\"@id\":\"https:\/\/controlc.fr\/#\/schema\/logo\/image\/\",\"url\":\"https:\/\/controlc.fr\/wp-content\/uploads\/2020\/12\/cropped-cropped-cropped-logo-melun.png\",\"contentUrl\":\"https:\/\/controlc.fr\/wp-content\/uploads\/2020\/12\/cropped-cropped-cropped-logo-melun.png\",\"width\":427,\"height\":100,\"caption\":\"Control^C\"},\"image\":{\"@id\":\"https:\/\/controlc.fr\/#\/schema\/logo\/image\/\"},\"sameAs\":[\"https:\/\/x.com\/controlcmelun\",\"https:\/\/www.linkedin.com\/company\/8009384\"]}]}<\/script>\n<!-- \/ Yoast SEO plugin. -->","yoast_head_json":{"title":"Compte Personnel de Formation (CPF) -","description":"Cette page d\u00e9crit les modalit\u00e9s du Compte Personnel de Formation. Pour qui, comment le mettre en \u0153uvre par Control^C Melun QUALIOPI","robots":{"index":"index","follow":"follow","max-snippet":"max-snippet:-1","max-image-preview":"max-image-preview:large","max-video-preview":"max-video-preview:-1"},"canonical":"https:\/\/controlc.fr\/index.php\/cpf-2\/","og_locale":"fr_FR","og_type":"article","og_title":"Compte Personnel de Formation (CPF) -","og_description":"Cette page d\u00e9crit les modalit\u00e9s du Compte Personnel de Formation. Pour qui, comment le mettre en \u0153uvre par Control^C Melun QUALIOPI","og_url":"https:\/\/controlc.fr\/index.php\/cpf-2\/","article_modified_time":"2025-06-11T07:40:44+00:00","og_image":[{"width":2400,"height":1800,"url":"https:\/\/controlc.fr\/wp-content\/uploads\/2023\/02\/photo_telephone_in_situ_neutre.jpg","type":"image\/jpeg"}],"twitter_card":"summary_large_image","twitter_site":"@controlcmelun","twitter_misc":{"Dur\u00e9e de lecture estim\u00e9e":"6 minutes"},"schema":{"@context":"https:\/\/schema.org","@graph":[{"@type":"WebPage","@id":"https:\/\/controlc.fr\/index.php\/cpf-2\/","url":"https:\/\/controlc.fr\/index.php\/cpf-2\/","name":"Compte Personnel de Formation (CPF) -","isPartOf":{"@id":"https:\/\/controlc.fr\/#website"},"primaryImageOfPage":{"@id":"https:\/\/controlc.fr\/index.php\/cpf-2\/#primaryimage"},"image":{"@id":"https:\/\/controlc.fr\/index.php\/cpf-2\/#primaryimage"},"thumbnailUrl":"https:\/\/controlc.fr\/wp-content\/uploads\/2023\/02\/photo_telephone_in_situ_neutre.jpg","datePublished":"2021-03-31T09:08:10+00:00","dateModified":"2025-06-11T07:40:44+00:00","description":"Cette page d\u00e9crit les modalit\u00e9s du Compte Personnel de Formation. Pour qui, comment le mettre en \u0153uvre par Control^C Melun QUALIOPI","breadcrumb":{"@id":"https:\/\/controlc.fr\/index.php\/cpf-2\/#breadcrumb"},"inLanguage":"fr-FR","potentialAction":[{"@type":"ReadAction","target":["https:\/\/controlc.fr\/index.php\/cpf-2\/"]}]},{"@type":"ImageObject","inLanguage":"fr-FR","@id":"https:\/\/controlc.fr\/index.php\/cpf-2\/#primaryimage","url":"https:\/\/controlc.fr\/wp-content\/uploads\/2023\/02\/photo_telephone_in_situ_neutre.jpg","contentUrl":"https:\/\/controlc.fr\/wp-content\/uploads\/2023\/02\/photo_telephone_in_situ_neutre.jpg","width":2400,"height":1800},{"@type":"BreadcrumbList","@id":"https:\/\/controlc.fr\/index.php\/cpf-2\/#breadcrumb","itemListElement":[{"@type":"ListItem","position":1,"name":"Accueil","item":"https:\/\/controlc.fr\/"},{"@type":"ListItem","position":2,"name":"Compte Personnel de Formation (CPF)"}]},{"@type":"WebSite","@id":"https:\/\/controlc.fr\/#website","url":"https:\/\/controlc.fr\/","name":"Controlc.fr","description":"","publisher":{"@id":"https:\/\/controlc.fr\/#organization"},"potentialAction":[{"@type":"SearchAction","target":{"@type":"EntryPoint","urlTemplate":"https:\/\/controlc.fr\/?s={search_term_string}"},"query-input":{"@type":"PropertyValueSpecification","valueRequired":true,"valueName":"search_term_string"}}],"inLanguage":"fr-FR"},{"@type":"Organization","@id":"https:\/\/controlc.fr\/#organization","name":"Control^C","url":"https:\/\/controlc.fr\/","logo":{"@type":"ImageObject","inLanguage":"fr-FR","@id":"https:\/\/controlc.fr\/#\/schema\/logo\/image\/","url":"https:\/\/controlc.fr\/wp-content\/uploads\/2020\/12\/cropped-cropped-cropped-logo-melun.png","contentUrl":"https:\/\/controlc.fr\/wp-content\/uploads\/2020\/12\/cropped-cropped-cropped-logo-melun.png","width":427,"height":100,"caption":"Control^C"},"image":{"@id":"https:\/\/controlc.fr\/#\/schema\/logo\/image\/"},"sameAs":["https:\/\/x.com\/controlcmelun","https:\/\/www.linkedin.com\/company\/8009384"]}]}},"_links":{"self":[{"href":"https:\/\/controlc.fr\/index.php\/wp-json\/wp\/v2\/pages\/1918","targetHints":{"allow":["GET"]}}],"collection":[{"href":"https:\/\/controlc.fr\/index.php\/wp-json\/wp\/v2\/pages"}],"about":[{"href":"https:\/\/controlc.fr\/index.php\/wp-json\/wp\/v2\/types\/page"}],"author":[{"embeddable":true,"href":"https:\/\/controlc.fr\/index.php\/wp-json\/wp\/v2\/users\/1"}],"replies":[{"embeddable":true,"href":"https:\/\/controlc.fr\/index.php\/wp-json\/wp\/v2\/comments?post=1918"}],"version-history":[{"count":51,"href":"https:\/\/controlc.fr\/index.php\/wp-json\/wp\/v2\/pages\/1918\/revisions"}],"predecessor-version":[{"id":6389,"href":"https:\/\/controlc.fr\/index.php\/wp-json\/wp\/v2\/pages\/1918\/revisions\/6389"}],"wp:featuredmedia":[{"embeddable":true,"href":"https:\/\/controlc.fr\/index.php\/wp-json\/wp\/v2\/media\/4135"}],"wp:attachment":[{"href":"https:\/\/controlc.fr\/index.php\/wp-json\/wp\/v2\/media?parent=1918"}],"curies":[{"name":"wp","href":"https:\/\/api.w.org\/{rel}","templated":true}]}}