{"id":1912,"date":"2021-03-31T10:31:18","date_gmt":"2021-03-31T08:31:18","guid":{"rendered":"http:\/\/thjjwyy.cluster030.hosting.ovh.net\/?page_id=1912"},"modified":"2024-05-15T15:51:12","modified_gmt":"2024-05-15T13:51:12","slug":"catalogue-des-formations","status":"publish","type":"page","link":"https:\/\/controlc.fr\/index.php\/catalogue-des-formations\/","title":{"rendered":"Notre catalogue des formations"},"content":{"rendered":"\t\t<div data-elementor-type=\"wp-page\" data-elementor-id=\"1912\" class=\"elementor elementor-1912\">\n\t\t\t\t\t\t<section class=\"elementor-section elementor-top-section elementor-element elementor-element-1f44879d elementor-section-boxed elementor-section-height-default elementor-section-height-default\" data-id=\"1f44879d\" data-element_type=\"section\">\n\t\t\t\t\t\t<div class=\"elementor-container elementor-column-gap-default\">\n\t\t\t\t\t<div class=\"elementor-column elementor-col-100 elementor-top-column elementor-element elementor-element-55553aaa\" data-id=\"55553aaa\" data-element_type=\"column\">\n\t\t\t<div class=\"elementor-widget-wrap elementor-element-populated\">\n\t\t\t\t\t\t\t<\/div>\n\t\t<\/div>\n\t\t\t\t\t<\/div>\n\t\t<\/section>\n\t\t\t\t<section class=\"elementor-section elementor-top-section elementor-element elementor-element-e331a3e elementor-section-boxed elementor-section-height-default elementor-section-height-default\" data-id=\"e331a3e\" data-element_type=\"section\">\n\t\t\t\t\t\t<div class=\"elementor-container elementor-column-gap-default\">\n\t\t\t\t\t<div class=\"elementor-column elementor-col-100 elementor-top-column elementor-element elementor-element-ac3cccc\" data-id=\"ac3cccc\" data-element_type=\"column\">\n\t\t\t<div class=\"elementor-widget-wrap elementor-element-populated\">\n\t\t\t\t\t\t<div class=\"elementor-element elementor-element-ab67c2a elementor-widget elementor-widget-text-editor\" data-id=\"ab67c2a\" data-element_type=\"widget\" data-widget_type=\"text-editor.default\">\n\t\t\t\t<div class=\"elementor-widget-container\">\n\t\t\t\t\t\t\t\t\t<p><span style=\"color: #000000;\">Bienvenue chez CONTROL^C.<\/span><\/p>\n<p><span style=\"color: #000000;\">Control^C, centre de formation depuis 1990, est certifi\u00e9 OPQF depuis 2009&nbsp; sur les th\u00e8mes suivants :<\/span><\/p>\n<p><span style=\"color: #000000;\">M\u00e9tiers et fonctions supports de l\u2019entreprise<\/span><br><span style=\"color: #000000;\">Communication interpersonnelle <\/span><br><span style=\"color: #000000;\">Formations g\u00e9n\u00e9rales, comp\u00e9tences-cl\u00e9s, bureautique<\/span><\/p>\n<p><span style=\"color: #000000;\">Cette certification a \u00e9t\u00e9 remplac\u00e9e par la norme Qualiopi, marque de certification nationale qualit\u00e9 des prestataires d\u2019actions de formation.&nbsp;<\/span><\/p>\n<p><span style=\"color: #000000;\">Nous sommes fier d&rsquo;\u00eatre d\u00e9tenteur de cette certification depuis mai 2021.<\/span><\/p>\n<p><span style=\"color: #000000;\">Nos prestations se d\u00e9roulent aussi bien chez nos clients que dans nos salles \u00e9quip\u00e9es.<\/span><br><span style=\"color: #000000; font-family: var( --e-global-typography-text-font-family ), Sans-serif; font-weight: var( --e-global-typography-text-font-weight );\">Depuis 2015, Control^C a int\u00e9gr\u00e9 un groupe r\u00e9gional, Anthyllis, qui intervient en \u00cele-de-France en informatique et bureautique (prestations et mat\u00e9riels).<\/span><\/p>\n<p><span style=\"color: #000000;\">En intra, en interentreprises, en accompagnement individuel ou en groupe, en pr\u00e9sentiel ou en visio, n<\/span><span style=\"color: #000000;\">otre centre de formation est pr\u00eat \u00e0 vous accueillir et \u00e0 vous accompagner pour tous vos projets de formation selon nos domaines d&rsquo;intervention suivants :&nbsp;<\/span><\/p>\t\t\t\t\t\t\t\t<\/div>\n\t\t\t\t<\/div>\n\t\t\t\t\t<\/div>\n\t\t<\/div>\n\t\t\t\t\t<\/div>\n\t\t<\/section>\n\t\t\t\t<section class=\"elementor-section elementor-top-section elementor-element elementor-element-eaccd12 elementor-section-boxed elementor-section-height-default elementor-section-height-default\" data-id=\"eaccd12\" data-element_type=\"section\">\n\t\t\t\t\t\t<div class=\"elementor-container elementor-column-gap-default\">\n\t\t\t\t\t<div class=\"elementor-column elementor-col-33 elementor-top-column elementor-element elementor-element-8f43089\" data-id=\"8f43089\" data-element_type=\"column\">\n\t\t\t<div class=\"elementor-widget-wrap elementor-element-populated\">\n\t\t\t\t\t\t<div class=\"elementor-element elementor-element-d65754e elementor-widget elementor-widget-image\" data-id=\"d65754e\" data-element_type=\"widget\" data-widget_type=\"image.default\">\n\t\t\t\t<div class=\"elementor-widget-container\">\n\t\t\t\t\t\t\t\t\t\t\t\t<figure class=\"wp-caption\">\n\t\t\t\t\t\t\t\t\t\t\t<a href=\"https:\/\/controlc.fr\/index.php\/course-category\/prp\/\">\n\t\t\t\t\t\t\t<img fetchpriority=\"high\" decoding=\"async\" width=\"640\" height=\"428\" src=\"https:\/\/controlc.fr\/wp-content\/uploads\/2021\/07\/domaine-securite-1-1024x685.jpg\" class=\"attachment-large size-large wp-image-3195\" alt=\"\" srcset=\"https:\/\/controlc.fr\/wp-content\/uploads\/2021\/07\/domaine-securite-1-1024x685.jpg 1024w, https:\/\/controlc.fr\/wp-content\/uploads\/2021\/07\/domaine-securite-1-300x201.jpg 300w, https:\/\/controlc.fr\/wp-content\/uploads\/2021\/07\/domaine-securite-1-768x514.jpg 768w, https:\/\/controlc.fr\/wp-content\/uploads\/2021\/07\/domaine-securite-1.jpg 1280w\" sizes=\"(max-width: 640px) 100vw, 640px\" \/>\t\t\t\t\t\t\t\t<\/a>\n\t\t\t\t\t\t\t\t\t\t\t<figcaption class=\"widget-image-caption wp-caption-text\">S\u00e9curit\u00e9 et  pr\u00e9vention des risques professionnels<\/figcaption>\n\t\t\t\t\t\t\t\t\t\t<\/figure>\n\t\t\t\t\t\t\t\t\t<\/div>\n\t\t\t\t<\/div>\n\t\t\t\t\t<\/div>\n\t\t<\/div>\n\t\t\t\t<div class=\"elementor-column elementor-col-33 elementor-top-column elementor-element elementor-element-7060c82\" data-id=\"7060c82\" data-element_type=\"column\">\n\t\t\t<div class=\"elementor-widget-wrap elementor-element-populated\">\n\t\t\t\t\t\t<div class=\"elementor-element elementor-element-0aa9d41 elementor-widget elementor-widget-image\" data-id=\"0aa9d41\" data-element_type=\"widget\" data-widget_type=\"image.default\">\n\t\t\t\t<div class=\"elementor-widget-container\">\n\t\t\t\t\t\t\t\t\t\t\t\t<figure class=\"wp-caption\">\n\t\t\t\t\t\t\t\t\t\t\t<a href=\"https:\/\/controlc.fr\/index.php\/course-category\/bureautique\/\">\n\t\t\t\t\t\t\t<img decoding=\"async\" width=\"640\" height=\"426\" src=\"https:\/\/controlc.fr\/wp-content\/uploads\/2021\/07\/bureautique-1-1024x682.jpg\" class=\"attachment-large size-large wp-image-3192\" alt=\"\" srcset=\"https:\/\/controlc.fr\/wp-content\/uploads\/2021\/07\/bureautique-1-1024x682.jpg 1024w, https:\/\/controlc.fr\/wp-content\/uploads\/2021\/07\/bureautique-1-300x200.jpg 300w, https:\/\/controlc.fr\/wp-content\/uploads\/2021\/07\/bureautique-1-768x512.jpg 768w, https:\/\/controlc.fr\/wp-content\/uploads\/2021\/07\/bureautique-1.jpg 1280w\" sizes=\"(max-width: 640px) 100vw, 640px\" \/>\t\t\t\t\t\t\t\t<\/a>\n\t\t\t\t\t\t\t\t\t\t\t<figcaption class=\"widget-image-caption wp-caption-text\">La bureautique<\/figcaption>\n\t\t\t\t\t\t\t\t\t\t<\/figure>\n\t\t\t\t\t\t\t\t\t<\/div>\n\t\t\t\t<\/div>\n\t\t\t\t\t<\/div>\n\t\t<\/div>\n\t\t\t\t<div class=\"elementor-column elementor-col-33 elementor-top-column elementor-element elementor-element-d2cea85\" data-id=\"d2cea85\" data-element_type=\"column\">\n\t\t\t<div class=\"elementor-widget-wrap elementor-element-populated\">\n\t\t\t\t\t\t<div class=\"elementor-element elementor-element-4655393 elementor-widget elementor-widget-image\" data-id=\"4655393\" data-element_type=\"widget\" data-widget_type=\"image.default\">\n\t\t\t\t<div class=\"elementor-widget-container\">\n\t\t\t\t\t\t\t\t\t\t\t\t<figure class=\"wp-caption\">\n\t\t\t\t\t\t\t\t\t\t\t<a href=\"https:\/\/controlc.fr\/index.php\/course-category\/web-infographie-cao\/\">\n\t\t\t\t\t\t\t<img decoding=\"async\" width=\"640\" height=\"428\" src=\"https:\/\/controlc.fr\/wp-content\/uploads\/2021\/07\/cao-2-1024x685.jpg\" class=\"attachment-large size-large wp-image-3201\" alt=\"\" srcset=\"https:\/\/controlc.fr\/wp-content\/uploads\/2021\/07\/cao-2-1024x685.jpg 1024w, https:\/\/controlc.fr\/wp-content\/uploads\/2021\/07\/cao-2-300x201.jpg 300w, https:\/\/controlc.fr\/wp-content\/uploads\/2021\/07\/cao-2-768x514.jpg 768w, https:\/\/controlc.fr\/wp-content\/uploads\/2021\/07\/cao-2.jpg 1280w\" sizes=\"(max-width: 640px) 100vw, 640px\" \/>\t\t\t\t\t\t\t\t<\/a>\n\t\t\t\t\t\t\t\t\t\t\t<figcaption class=\"widget-image-caption wp-caption-text\">La CAO - DAO - l'infographie<\/figcaption>\n\t\t\t\t\t\t\t\t\t\t<\/figure>\n\t\t\t\t\t\t\t\t\t<\/div>\n\t\t\t\t<\/div>\n\t\t\t\t\t<\/div>\n\t\t<\/div>\n\t\t\t\t\t<\/div>\n\t\t<\/section>\n\t\t\t\t<section class=\"elementor-section elementor-top-section elementor-element elementor-element-1f344e8 elementor-section-boxed elementor-section-height-default elementor-section-height-default\" data-id=\"1f344e8\" data-element_type=\"section\">\n\t\t\t\t\t\t<div class=\"elementor-container elementor-column-gap-default\">\n\t\t\t\t\t<div class=\"elementor-column elementor-col-33 elementor-top-column elementor-element elementor-element-36e4d63\" data-id=\"36e4d63\" data-element_type=\"column\">\n\t\t\t<div class=\"elementor-widget-wrap elementor-element-populated\">\n\t\t\t\t\t\t<div class=\"elementor-element elementor-element-0c5471c elementor-widget elementor-widget-image\" data-id=\"0c5471c\" data-element_type=\"widget\" data-widget_type=\"image.default\">\n\t\t\t\t<div class=\"elementor-widget-container\">\n\t\t\t\t\t\t\t\t\t\t\t\t<figure class=\"wp-caption\">\n\t\t\t\t\t\t\t\t\t\t\t<a href=\"https:\/\/controlc.fr\/index.php\/course-category\/communication\/\">\n\t\t\t\t\t\t\t<img loading=\"lazy\" decoding=\"async\" width=\"640\" height=\"404\" src=\"https:\/\/controlc.fr\/wp-content\/uploads\/2021\/07\/communication-1-1024x646.jpg\" class=\"attachment-large size-large wp-image-3226\" alt=\"\" srcset=\"https:\/\/controlc.fr\/wp-content\/uploads\/2021\/07\/communication-1-1024x646.jpg 1024w, https:\/\/controlc.fr\/wp-content\/uploads\/2021\/07\/communication-1-300x189.jpg 300w, https:\/\/controlc.fr\/wp-content\/uploads\/2021\/07\/communication-1-768x484.jpg 768w, https:\/\/controlc.fr\/wp-content\/uploads\/2021\/07\/communication-1.jpg 1280w\" sizes=\"(max-width: 640px) 100vw, 640px\" \/>\t\t\t\t\t\t\t\t<\/a>\n\t\t\t\t\t\t\t\t\t\t\t<figcaption class=\"widget-image-caption wp-caption-text\">L'efficacit\u00e9 personnelle et professionnelle<\/figcaption>\n\t\t\t\t\t\t\t\t\t\t<\/figure>\n\t\t\t\t\t\t\t\t\t<\/div>\n\t\t\t\t<\/div>\n\t\t\t\t\t<\/div>\n\t\t<\/div>\n\t\t\t\t<div class=\"elementor-column elementor-col-33 elementor-top-column elementor-element elementor-element-5141f8f\" data-id=\"5141f8f\" data-element_type=\"column\">\n\t\t\t<div class=\"elementor-widget-wrap elementor-element-populated\">\n\t\t\t\t\t\t<div class=\"elementor-element elementor-element-6ff83a2 elementor-widget elementor-widget-image\" data-id=\"6ff83a2\" data-element_type=\"widget\" data-widget_type=\"image.default\">\n\t\t\t\t<div class=\"elementor-widget-container\">\n\t\t\t\t\t\t\t\t\t\t\t\t<figure class=\"wp-caption\">\n\t\t\t\t\t\t\t\t\t\t\t<a href=\"https:\/\/controlc.fr\/index.php\/course-category\/informatique\/\">\n\t\t\t\t\t\t\t<img decoding=\"async\" src=\"https:\/\/controlc.fr\/wp-content\/uploads\/elementor\/thumbs\/informatique-3-e1627030349435-q1x0ah2skg6ggqspc0q8g6ixsnnq9sb18lg5i7lnlc.jpg\" title=\"informatique 3\" alt=\"informatique 3\" loading=\"lazy\" \/>\t\t\t\t\t\t\t\t<\/a>\n\t\t\t\t\t\t\t\t\t\t\t<figcaption class=\"widget-image-caption wp-caption-text\">L'informatique et la communication digitale<\/figcaption>\n\t\t\t\t\t\t\t\t\t\t<\/figure>\n\t\t\t\t\t\t\t\t\t<\/div>\n\t\t\t\t<\/div>\n\t\t\t\t\t<\/div>\n\t\t<\/div>\n\t\t\t\t<div class=\"elementor-column elementor-col-33 elementor-top-column elementor-element elementor-element-9cefa1f\" data-id=\"9cefa1f\" data-element_type=\"column\">\n\t\t\t<div class=\"elementor-widget-wrap elementor-element-populated\">\n\t\t\t\t\t\t<div class=\"elementor-element elementor-element-bcb1dcb elementor-widget elementor-widget-image\" data-id=\"bcb1dcb\" data-element_type=\"widget\" data-widget_type=\"image.default\">\n\t\t\t\t<div class=\"elementor-widget-container\">\n\t\t\t\t\t\t\t\t\t\t\t\t<figure class=\"wp-caption\">\n\t\t\t\t\t\t\t\t\t\t\t<a href=\"https:\/\/controlc.fr\/index.php\/course-category\/langues\/\">\n\t\t\t\t\t\t\t<img loading=\"lazy\" decoding=\"async\" width=\"640\" height=\"411\" src=\"https:\/\/controlc.fr\/wp-content\/uploads\/2021\/07\/langue-3-1024x658.jpg\" class=\"attachment-large size-large wp-image-3228\" alt=\"\" srcset=\"https:\/\/controlc.fr\/wp-content\/uploads\/2021\/07\/langue-3-1024x658.jpg 1024w, https:\/\/controlc.fr\/wp-content\/uploads\/2021\/07\/langue-3-300x193.jpg 300w, https:\/\/controlc.fr\/wp-content\/uploads\/2021\/07\/langue-3-768x493.jpg 768w, https:\/\/controlc.fr\/wp-content\/uploads\/2021\/07\/langue-3.jpg 1280w\" sizes=\"(max-width: 640px) 100vw, 640px\" \/>\t\t\t\t\t\t\t\t<\/a>\n\t\t\t\t\t\t\t\t\t\t\t<figcaption class=\"widget-image-caption wp-caption-text\">Les langues et la remise \u00e0 niveau en fran\u00e7ais<\/figcaption>\n\t\t\t\t\t\t\t\t\t\t<\/figure>\n\t\t\t\t\t\t\t\t\t<\/div>\n\t\t\t\t<\/div>\n\t\t\t\t\t<\/div>\n\t\t<\/div>\n\t\t\t\t\t<\/div>\n\t\t<\/section>\n\t\t\t\t<\/div>\n\t\t","protected":false},"excerpt":{"rendered":"<p>Bienvenue chez CONTROL^C. Control^C, centre de formation depuis 1990, est certifi\u00e9 OPQF depuis 2009&nbsp; sur les th\u00e8mes suivants : M\u00e9tiers et fonctions supports de l\u2019entreprise Communication interpersonnelle Formations g\u00e9n\u00e9rales, comp\u00e9tences-cl\u00e9s, bureautique Cette certification a \u00e9t\u00e9 remplac\u00e9e par la norme Qualiopi, marque de certification nationale qualit\u00e9 des prestataires d\u2019actions de formation.&nbsp;&hellip;<\/p>\n","protected":false},"author":1,"featured_media":5399,"parent":0,"menu_order":0,"comment_status":"closed","ping_status":"closed","template":"elementor_header_footer","meta":{"footnotes":""},"class_list":["post-1912","page","type-page","status-publish","has-post-thumbnail","hentry"],"yoast_head":"<!-- This site is optimized with the Yoast SEO plugin v24.4 - https:\/\/yoast.com\/wordpress\/plugins\/seo\/ -->\n<title>Notre catalogue des formations -<\/title>\n<meta name=\"description\" content=\"Pr\u00e9sentation des formations propos\u00e9es par Control^C, organisme de formation professionnelle bas\u00e9 \u00e0 Melun depuis 1990. Contactez-nous!\" \/>\n<meta name=\"robots\" content=\"index, follow, max-snippet:-1, max-image-preview:large, max-video-preview:-1\" \/>\n<link rel=\"canonical\" href=\"https:\/\/controlc.fr\/index.php\/catalogue-des-formations\/\" \/>\n<meta property=\"og:locale\" content=\"fr_FR\" \/>\n<meta property=\"og:type\" content=\"article\" \/>\n<meta property=\"og:title\" content=\"Notre catalogue des formations -\" \/>\n<meta property=\"og:description\" content=\"Pr\u00e9sentation des formations propos\u00e9es par Control^C, organisme de formation professionnelle bas\u00e9 \u00e0 Melun depuis 1990. Contactez-nous!\" \/>\n<meta property=\"og:url\" content=\"https:\/\/controlc.fr\/index.php\/catalogue-des-formations\/\" \/>\n<meta property=\"article:modified_time\" content=\"2024-05-15T13:51:12+00:00\" \/>\n<meta property=\"og:image\" content=\"https:\/\/controlc.fr\/wp-content\/uploads\/2024\/05\/Controlc-couverture-linkedin-Audrey.png\" \/>\n\t<meta property=\"og:image:width\" content=\"1584\" \/>\n\t<meta property=\"og:image:height\" content=\"396\" \/>\n\t<meta property=\"og:image:type\" content=\"image\/png\" \/>\n<meta name=\"twitter:card\" content=\"summary_large_image\" \/>\n<meta name=\"twitter:site\" content=\"@controlcmelun\" \/>\n<meta name=\"twitter:label1\" content=\"Dur\u00e9e de lecture estim\u00e9e\" \/>\n\t<meta name=\"twitter:data1\" content=\"3 minutes\" \/>\n<script type=\"application\/ld+json\" class=\"yoast-schema-graph\">{\"@context\":\"https:\/\/schema.org\",\"@graph\":[{\"@type\":\"WebPage\",\"@id\":\"https:\/\/controlc.fr\/index.php\/catalogue-des-formations\/\",\"url\":\"https:\/\/controlc.fr\/index.php\/catalogue-des-formations\/\",\"name\":\"Notre catalogue des formations -\",\"isPartOf\":{\"@id\":\"https:\/\/controlc.fr\/#website\"},\"primaryImageOfPage\":{\"@id\":\"https:\/\/controlc.fr\/index.php\/catalogue-des-formations\/#primaryimage\"},\"image\":{\"@id\":\"https:\/\/controlc.fr\/index.php\/catalogue-des-formations\/#primaryimage\"},\"thumbnailUrl\":\"https:\/\/controlc.fr\/wp-content\/uploads\/2024\/05\/Controlc-couverture-linkedin-Audrey.png\",\"datePublished\":\"2021-03-31T08:31:18+00:00\",\"dateModified\":\"2024-05-15T13:51:12+00:00\",\"description\":\"Pr\u00e9sentation des formations propos\u00e9es par Control^C, organisme de formation professionnelle bas\u00e9 \u00e0 Melun depuis 1990. Contactez-nous!\",\"breadcrumb\":{\"@id\":\"https:\/\/controlc.fr\/index.php\/catalogue-des-formations\/#breadcrumb\"},\"inLanguage\":\"fr-FR\",\"potentialAction\":[{\"@type\":\"ReadAction\",\"target\":[\"https:\/\/controlc.fr\/index.php\/catalogue-des-formations\/\"]}]},{\"@type\":\"ImageObject\",\"inLanguage\":\"fr-FR\",\"@id\":\"https:\/\/controlc.fr\/index.php\/catalogue-des-formations\/#primaryimage\",\"url\":\"https:\/\/controlc.fr\/wp-content\/uploads\/2024\/05\/Controlc-couverture-linkedin-Audrey.png\",\"contentUrl\":\"https:\/\/controlc.fr\/wp-content\/uploads\/2024\/05\/Controlc-couverture-linkedin-Audrey.png\",\"width\":1584,\"height\":396},{\"@type\":\"BreadcrumbList\",\"@id\":\"https:\/\/controlc.fr\/index.php\/catalogue-des-formations\/#breadcrumb\",\"itemListElement\":[{\"@type\":\"ListItem\",\"position\":1,\"name\":\"Accueil\",\"item\":\"https:\/\/controlc.fr\/\"},{\"@type\":\"ListItem\",\"position\":2,\"name\":\"Notre catalogue des formations\"}]},{\"@type\":\"WebSite\",\"@id\":\"https:\/\/controlc.fr\/#website\",\"url\":\"https:\/\/controlc.fr\/\",\"name\":\"Controlc.fr\",\"description\":\"\",\"publisher\":{\"@id\":\"https:\/\/controlc.fr\/#organization\"},\"potentialAction\":[{\"@type\":\"SearchAction\",\"target\":{\"@type\":\"EntryPoint\",\"urlTemplate\":\"https:\/\/controlc.fr\/?s={search_term_string}\"},\"query-input\":{\"@type\":\"PropertyValueSpecification\",\"valueRequired\":true,\"valueName\":\"search_term_string\"}}],\"inLanguage\":\"fr-FR\"},{\"@type\":\"Organization\",\"@id\":\"https:\/\/controlc.fr\/#organization\",\"name\":\"Control^C\",\"url\":\"https:\/\/controlc.fr\/\",\"logo\":{\"@type\":\"ImageObject\",\"inLanguage\":\"fr-FR\",\"@id\":\"https:\/\/controlc.fr\/#\/schema\/logo\/image\/\",\"url\":\"https:\/\/controlc.fr\/wp-content\/uploads\/2020\/12\/cropped-cropped-cropped-logo-melun.png\",\"contentUrl\":\"https:\/\/controlc.fr\/wp-content\/uploads\/2020\/12\/cropped-cropped-cropped-logo-melun.png\",\"width\":427,\"height\":100,\"caption\":\"Control^C\"},\"image\":{\"@id\":\"https:\/\/controlc.fr\/#\/schema\/logo\/image\/\"},\"sameAs\":[\"https:\/\/x.com\/controlcmelun\",\"https:\/\/www.linkedin.com\/company\/8009384\"]}]}<\/script>\n<!-- \/ Yoast SEO plugin. -->","yoast_head_json":{"title":"Notre catalogue des formations -","description":"Pr\u00e9sentation des formations propos\u00e9es par Control^C, organisme de formation professionnelle bas\u00e9 \u00e0 Melun depuis 1990. Contactez-nous!","robots":{"index":"index","follow":"follow","max-snippet":"max-snippet:-1","max-image-preview":"max-image-preview:large","max-video-preview":"max-video-preview:-1"},"canonical":"https:\/\/controlc.fr\/index.php\/catalogue-des-formations\/","og_locale":"fr_FR","og_type":"article","og_title":"Notre catalogue des formations -","og_description":"Pr\u00e9sentation des formations propos\u00e9es par Control^C, organisme de formation professionnelle bas\u00e9 \u00e0 Melun depuis 1990. Contactez-nous!","og_url":"https:\/\/controlc.fr\/index.php\/catalogue-des-formations\/","article_modified_time":"2024-05-15T13:51:12+00:00","og_image":[{"width":1584,"height":396,"url":"https:\/\/controlc.fr\/wp-content\/uploads\/2024\/05\/Controlc-couverture-linkedin-Audrey.png","type":"image\/png"}],"twitter_card":"summary_large_image","twitter_site":"@controlcmelun","twitter_misc":{"Dur\u00e9e de lecture estim\u00e9e":"3 minutes"},"schema":{"@context":"https:\/\/schema.org","@graph":[{"@type":"WebPage","@id":"https:\/\/controlc.fr\/index.php\/catalogue-des-formations\/","url":"https:\/\/controlc.fr\/index.php\/catalogue-des-formations\/","name":"Notre catalogue des formations -","isPartOf":{"@id":"https:\/\/controlc.fr\/#website"},"primaryImageOfPage":{"@id":"https:\/\/controlc.fr\/index.php\/catalogue-des-formations\/#primaryimage"},"image":{"@id":"https:\/\/controlc.fr\/index.php\/catalogue-des-formations\/#primaryimage"},"thumbnailUrl":"https:\/\/controlc.fr\/wp-content\/uploads\/2024\/05\/Controlc-couverture-linkedin-Audrey.png","datePublished":"2021-03-31T08:31:18+00:00","dateModified":"2024-05-15T13:51:12+00:00","description":"Pr\u00e9sentation des formations propos\u00e9es par Control^C, organisme de formation professionnelle bas\u00e9 \u00e0 Melun depuis 1990. Contactez-nous!","breadcrumb":{"@id":"https:\/\/controlc.fr\/index.php\/catalogue-des-formations\/#breadcrumb"},"inLanguage":"fr-FR","potentialAction":[{"@type":"ReadAction","target":["https:\/\/controlc.fr\/index.php\/catalogue-des-formations\/"]}]},{"@type":"ImageObject","inLanguage":"fr-FR","@id":"https:\/\/controlc.fr\/index.php\/catalogue-des-formations\/#primaryimage","url":"https:\/\/controlc.fr\/wp-content\/uploads\/2024\/05\/Controlc-couverture-linkedin-Audrey.png","contentUrl":"https:\/\/controlc.fr\/wp-content\/uploads\/2024\/05\/Controlc-couverture-linkedin-Audrey.png","width":1584,"height":396},{"@type":"BreadcrumbList","@id":"https:\/\/controlc.fr\/index.php\/catalogue-des-formations\/#breadcrumb","itemListElement":[{"@type":"ListItem","position":1,"name":"Accueil","item":"https:\/\/controlc.fr\/"},{"@type":"ListItem","position":2,"name":"Notre catalogue des formations"}]},{"@type":"WebSite","@id":"https:\/\/controlc.fr\/#website","url":"https:\/\/controlc.fr\/","name":"Controlc.fr","description":"","publisher":{"@id":"https:\/\/controlc.fr\/#organization"},"potentialAction":[{"@type":"SearchAction","target":{"@type":"EntryPoint","urlTemplate":"https:\/\/controlc.fr\/?s={search_term_string}"},"query-input":{"@type":"PropertyValueSpecification","valueRequired":true,"valueName":"search_term_string"}}],"inLanguage":"fr-FR"},{"@type":"Organization","@id":"https:\/\/controlc.fr\/#organization","name":"Control^C","url":"https:\/\/controlc.fr\/","logo":{"@type":"ImageObject","inLanguage":"fr-FR","@id":"https:\/\/controlc.fr\/#\/schema\/logo\/image\/","url":"https:\/\/controlc.fr\/wp-content\/uploads\/2020\/12\/cropped-cropped-cropped-logo-melun.png","contentUrl":"https:\/\/controlc.fr\/wp-content\/uploads\/2020\/12\/cropped-cropped-cropped-logo-melun.png","width":427,"height":100,"caption":"Control^C"},"image":{"@id":"https:\/\/controlc.fr\/#\/schema\/logo\/image\/"},"sameAs":["https:\/\/x.com\/controlcmelun","https:\/\/www.linkedin.com\/company\/8009384"]}]}},"_links":{"self":[{"href":"https:\/\/controlc.fr\/index.php\/wp-json\/wp\/v2\/pages\/1912","targetHints":{"allow":["GET"]}}],"collection":[{"href":"https:\/\/controlc.fr\/index.php\/wp-json\/wp\/v2\/pages"}],"about":[{"href":"https:\/\/controlc.fr\/index.php\/wp-json\/wp\/v2\/types\/page"}],"author":[{"embeddable":true,"href":"https:\/\/controlc.fr\/index.php\/wp-json\/wp\/v2\/users\/1"}],"replies":[{"embeddable":true,"href":"https:\/\/controlc.fr\/index.php\/wp-json\/wp\/v2\/comments?post=1912"}],"version-history":[{"count":66,"href":"https:\/\/controlc.fr\/index.php\/wp-json\/wp\/v2\/pages\/1912\/revisions"}],"predecessor-version":[{"id":5402,"href":"https:\/\/controlc.fr\/index.php\/wp-json\/wp\/v2\/pages\/1912\/revisions\/5402"}],"wp:featuredmedia":[{"embeddable":true,"href":"https:\/\/controlc.fr\/index.php\/wp-json\/wp\/v2\/media\/5399"}],"wp:attachment":[{"href":"https:\/\/controlc.fr\/index.php\/wp-json\/wp\/v2\/media?parent=1912"}],"curies":[{"name":"wp","href":"https:\/\/api.w.org\/{rel}","templated":true}]}}