{"id":1907,"date":"2021-03-31T10:23:27","date_gmt":"2021-03-31T08:23:27","guid":{"rendered":"http:\/\/thjjwyy.cluster030.hosting.ovh.net\/?page_id=1907"},"modified":"2026-03-09T17:14:15","modified_gmt":"2026-03-09T16:14:15","slug":"accessibilite-handicap-accueil-formation","status":"publish","type":"page","link":"https:\/\/controlc.fr\/index.php\/accessibilite-handicap-accueil-formation\/","title":{"rendered":"Accessibilit\u00e9 Handicap"},"content":{"rendered":"\t\t<div data-elementor-type=\"wp-page\" data-elementor-id=\"1907\" class=\"elementor elementor-1907\">\n\t\t\t\t\t\t<section class=\"elementor-section elementor-top-section elementor-element elementor-element-612f571e elementor-section-boxed elementor-section-height-default elementor-section-height-default\" data-id=\"612f571e\" data-element_type=\"section\">\n\t\t\t\t\t\t<div class=\"elementor-container elementor-column-gap-default\">\n\t\t\t\t\t<div class=\"elementor-column elementor-col-100 elementor-top-column elementor-element elementor-element-2994c7fb\" data-id=\"2994c7fb\" data-element_type=\"column\">\n\t\t\t<div class=\"elementor-widget-wrap elementor-element-populated\">\n\t\t\t\t\t\t<div class=\"elementor-element elementor-element-5500dc10 elementor-widget__width-initial elementor-widget elementor-widget-text-editor\" data-id=\"5500dc10\" data-element_type=\"widget\" data-widget_type=\"text-editor.default\">\n\t\t\t\t<div class=\"elementor-widget-container\">\n\t\t\t\t\t\t\t\t\t<ul>\n<li>\n<h3><span style=\"font-size: 10pt; font-family: 'Century Gothic', sans-serif;\">&nbsp;<\/span><span style=\"font-size: 10.0pt; font-family: 'Century Gothic',sans-serif;\">Si vous \u00eates en situation de handicap,<br>Control^C vous propose :<\/span><\/h3>\n<p style=\"mso-margin-top-alt: auto; mso-margin-bottom-alt: auto; margin-left: 36.0pt; text-indent: -18.0pt; mso-list: l0 level1 lfo1;\"><!-- [if !supportLists]--><span style=\"font-size: 10.0pt; font-family: Wingdings; mso-fareast-font-family: Wingdings; mso-bidi-font-family: Wingdings; color: #31849b; mso-themecolor: accent5; mso-themeshade: 191;\">\u00d8<span style=\"font-variant-numeric: normal; font-variant-east-asian: normal; font-variant-alternates: normal; font-kerning: auto; font-optical-sizing: auto; font-feature-settings: normal; font-variation-settings: normal; font-variant-position: normal; font-stretch: normal; font-size: 7pt; line-height: normal; font-family: 'Times New Roman';\">&nbsp;<\/span><\/span><span style=\"font-size: 10.0pt; font-family: 'Century Gothic',sans-serif;\">la&nbsp;gestion de votre accueil et un accompagnement personnalis\u00e9 au cours de votre formation<\/span><\/p>\n<p style=\"mso-margin-top-alt: auto; mso-margin-bottom-alt: auto; margin-left: 36.0pt; text-indent: -18.0pt; mso-list: l0 level1 lfo1;\"><!-- [if !supportLists]--><span style=\"font-size: 10.0pt; font-family: Wingdings; mso-fareast-font-family: Wingdings; mso-bidi-font-family: Wingdings; color: #31849b; mso-themecolor: accent5; mso-themeshade: 191;\">\u00d8<span style=\"font-variant-numeric: normal; font-variant-east-asian: normal; font-variant-alternates: normal; font-kerning: auto; font-optical-sizing: auto; font-feature-settings: normal; font-variation-settings: normal; font-variant-position: normal; font-stretch: normal; font-size: 7pt; line-height: normal; font-family: 'Times New Roman';\">&nbsp;<\/span><\/span><span style=\"font-size: 10.0pt; font-family: 'Century Gothic',sans-serif;\">des&nbsp;informations et des contacts utiles<\/span><\/p>\n<\/li>\n<li>\n<p style=\"mso-margin-top-alt: auto; mso-margin-bottom-alt: auto; margin-left: 36.0pt; text-indent: -18.0pt; mso-list: l0 level1 lfo1;\"><span style=\"color: var( --e-global-color-text ); font-family: 'Century Gothic', sans-serif; font-size: 10pt; font-weight: var( --e-global-typography-text-font-weight ); text-align: justify; text-indent: -18pt;\">Un r\u00e9f\u00e9rent handicap est pr\u00e9sent au sein de l\u2019\u00e9tablissement.&nbsp;&nbsp;<\/span><span style=\"font-family: 'Century Gothic', sans-serif; font-size: 10pt; text-align: justify; text-indent: -18pt;\">Il suit l\u2019ensemble des b\u00e9n\u00e9ficiaires dans leurs d\u00e9marches et s\u2019assure de leur acc\u00e8s \u00e0 la formation dans les meilleures conditions, notamment par la prise en compte individualis\u00e9e de leur handicap.<\/span><\/p>\n<\/li>\n<li>\n<p style=\"text-align: justify;\"><span style=\"font-size: 10.0pt; font-family: 'Century Gothic',sans-serif;\">&nbsp;<\/span><span style=\"font-size: 10.0pt; font-family: 'Century Gothic',sans-serif;\">Il est l\u2019interlocuteur privil\u00e9gi\u00e9 :<\/span><\/p>\n<p style=\"margin-left: 36.0pt; text-indent: -18.0pt; mso-list: l0 level1 lfo1;\"><!-- [if !supportLists]--><span style=\"font-size: 10.0pt; font-family: Wingdings; mso-fareast-font-family: Wingdings; mso-bidi-font-family: Wingdings; color: #31849b; mso-themecolor: accent5; mso-themeshade: 191;\">\u00d8<span style=\"font-variant-numeric: normal; font-variant-east-asian: normal; font-variant-alternates: normal; font-kerning: auto; font-optical-sizing: auto; font-feature-settings: normal; font-variation-settings: normal; font-variant-position: normal; font-stretch: normal; font-size: 7pt; line-height: normal; font-family: 'Times New Roman';\">&nbsp; <\/span><\/span><!--[endif]--><span style=\"font-size: 10.0pt; font-family: 'Century Gothic',sans-serif;\">des personnes en situation de handicap <\/span><\/p>\n<p style=\"margin-left: 36.0pt; text-indent: -18.0pt; mso-list: l0 level1 lfo1;\"><!-- [if !supportLists]--><span style=\"font-size: 10.0pt; font-family: Wingdings; mso-fareast-font-family: Wingdings; mso-bidi-font-family: Wingdings; color: #31849b; mso-themecolor: accent5; mso-themeshade: 191;\">\u00d8<span style=\"font-variant-numeric: normal; font-variant-east-asian: normal; font-variant-alternates: normal; font-kerning: auto; font-optical-sizing: auto; font-feature-settings: normal; font-variation-settings: normal; font-variant-position: normal; font-stretch: normal; font-size: 7pt; line-height: normal; font-family: 'Times New Roman';\">&nbsp; <\/span><\/span><!--[endif]--><span style=\"font-size: 10.0pt; font-family: 'Century Gothic',sans-serif;\">des \u00e9quipes p\u00e9dagogiques<\/span><\/p>\n<p style=\"margin-left: 36.0pt; text-indent: -18.0pt; mso-list: l0 level1 lfo1;\"><!-- [if !supportLists]--><span style=\"font-size: 10.0pt; font-family: Wingdings; mso-fareast-font-family: Wingdings; mso-bidi-font-family: Wingdings; color: #31849b; mso-themecolor: accent5; mso-themeshade: 191;\">\u00d8<span style=\"font-variant-numeric: normal; font-variant-east-asian: normal; font-variant-alternates: normal; font-kerning: auto; font-optical-sizing: auto; font-feature-settings: normal; font-variation-settings: normal; font-variant-position: normal; font-stretch: normal; font-size: 7pt; line-height: normal; font-family: 'Times New Roman';\">&nbsp; <\/span><\/span><!--[endif]--><span style=\"font-size: 10.0pt; font-family: 'Century Gothic',sans-serif;\">des professionnels des services d\u2019accompagnement<\/span><\/p>\n<\/li>\n<li>\n<h6>D\u00e9finition du handicap<\/h6>\n<\/li>\n<li>Dans son article 2, la loi du 11 f\u00e9vrier 2005 nous propose la d\u00e9finition du handicap suivante :<br>\u00ab Constitue un handicap, au sens de la pr\u00e9sente loi, toute limitation d\u2019activit\u00e9 ou restriction de participation \u00e0 la vie en soci\u00e9t\u00e9 subie dans son environnement par une personne en raison d\u2019une alt\u00e9ration substantielle, durable ou d\u00e9finitive d\u2019une ou plusieurs fonctions physiques, sensorielles, mentales, cognitives ou psychiques, d\u2019un polyhandicap ou d\u2019un trouble de sant\u00e9 invalidant.\u00bb<\/li>\n<li>\n<h6>Engagement de Control^C<\/h6>\n<\/li>\n<li><span style=\"color: #31849b; font-family: Wingdings; font-size: 13.3333px; text-indent: -24px;\">\u00d8<\/span><span style=\"color: #31849b; text-indent: -24px; font-variant-numeric: normal; font-variant-east-asian: normal; font-variant-alternates: normal; font-kerning: auto; font-optical-sizing: auto; font-feature-settings: normal; font-variation-settings: normal; font-variant-position: normal; font-stretch: normal; font-size: 7pt; line-height: normal; font-family: 'Times New Roman';\">&nbsp;&nbsp;<\/span>Accueillir dans ses formations le public ci-dessus d\u00e9fini comme \u00e9ligible, sans discrimination. <br><span style=\"color: #31849b; font-family: Wingdings; font-size: 13.3333px; text-indent: -24px;\">\u00d8<\/span><span style=\"color: #31849b; text-indent: -24px; font-variant-numeric: normal; font-variant-east-asian: normal; font-variant-alternates: normal; font-kerning: auto; font-optical-sizing: auto; font-feature-settings: normal; font-variation-settings: normal; font-variant-position: normal; font-stretch: normal; font-size: 7pt; line-height: normal; font-family: 'Times New Roman';\">&nbsp;&nbsp;<\/span>Mettre en \u0153uvre, en fonction des besoins des personnes handicap\u00e9es pouvant \u00eatre pris en compte, toutes les adaptations, p\u00e9dagogiques, mat\u00e9rielles et organisationnelles, n\u00e9cessaires \u00e0 la prise en compte du handicap. Voir proposition dans le tableau ci-dessous.<br><span style=\"color: #31849b; font-family: Wingdings; font-size: 13.3333px; text-indent: -24px;\">\u00d8<\/span><span style=\"color: #31849b; text-indent: -24px; font-variant-numeric: normal; font-variant-east-asian: normal; font-variant-alternates: normal; font-kerning: auto; font-optical-sizing: auto; font-feature-settings: normal; font-variation-settings: normal; font-variant-position: normal; font-stretch: normal; font-size: 7pt; line-height: normal; font-family: 'Times New Roman';\">&nbsp;&nbsp;<\/span>Recourir \u00e0 un r\u00e9seau de professionnels sp\u00e9cialis\u00e9s dans l\u2019adaptation du handicap dans le monde du travail<\/li>\n<li>\n<h6>V\u00e9rifier l\u2019ad\u00e9quation Handicap \u2013 Projet<\/h6>\n<\/li>\n<li>\n<p><span style=\"white-space-collapse: preserve; font-size: 15px;\">Lors du premier \u00e9change, l\u2019objectif n\u2019est pas d\u2019entrer dans les d\u00e9tails de la situation personnelle du futur stagiaire, mais de comprendre ses besoins \u00e9ventuels pour suivre la formation dans de bonnes conditions.<\/span><\/p>\n<\/li>\n<li>\n<p><span style=\"white-space-collapse: preserve;\">Ce temps d\u2019\u00e9change permet de :<\/span><\/p>\n<ul>\n<li>\n<p><span style=\"white-space-collapse: preserve;\"><span style=\"color: #31849b; font-family: Wingdings; font-size: 13.3333px; text-indent: -24px;\">\u00d8 <\/span>identifier d\u2019\u00e9ventuels besoins d\u2019adaptation ;<\/span><\/p>\n<\/li>\n<li>\n<p><span style=\"white-space-collapse: preserve;\"><span style=\"color: #31849b; font-family: Wingdings; font-size: 13.3333px; text-indent: -24px;\">\u00d8 <\/span>v\u00e9rifier que les exigences de la formation sont compatibles avec la situation de la personne ;<\/span><\/p>\n<\/li>\n<li>\n<p><span style=\"white-space-collapse: preserve;\"><span style=\"color: #31849b; font-family: Wingdings; font-size: 13.3333px; text-indent: -24px;\">\u00d8 <\/span>anticiper les am\u00e9nagements n\u00e9cessaires pour que le stagiaire tire<\/span>&nbsp;pleinement profit de sa formation.<\/p>\n<\/li>\n<\/ul>\n<p>Une bonne connaissance des attentes du stagiaire et des modalit\u00e9s de la formation permet de poser les bonnes questions et d\u2019accompagner chaque personne de mani\u00e8re individualis\u00e9e<\/p>\n<\/li>\n<\/ul>\n<p><!-- \/wp:paragraph --><\/p>\t\t\t\t\t\t\t\t<\/div>\n\t\t\t\t<\/div>\n\t\t\t\t\t<\/div>\n\t\t<\/div>\n\t\t\t\t\t<\/div>\n\t\t<\/section>\n\t\t\t\t<section class=\"elementor-section elementor-top-section elementor-element elementor-element-2bb019c elementor-section-boxed elementor-section-height-default elementor-section-height-default\" data-id=\"2bb019c\" data-element_type=\"section\">\n\t\t\t\t\t\t<div class=\"elementor-container elementor-column-gap-default\">\n\t\t\t\t\t<div class=\"elementor-column elementor-col-100 elementor-top-column elementor-element elementor-element-17cda94\" data-id=\"17cda94\" data-element_type=\"column\">\n\t\t\t<div class=\"elementor-widget-wrap elementor-element-populated\">\n\t\t\t\t\t\t<div class=\"elementor-element elementor-element-0bd92d5 elementor-align-center elementor-widget elementor-widget-button\" data-id=\"0bd92d5\" data-element_type=\"widget\" data-widget_type=\"button.default\">\n\t\t\t\t<div class=\"elementor-widget-container\">\n\t\t\t\t\t\t\t\t\t<div class=\"elementor-button-wrapper\">\n\t\t\t\t\t<a class=\"elementor-button elementor-button-link elementor-size-sm\" href=\"https:\/\/controlc.fr\/wp-content\/uploads\/2023\/12\/01-Controlc_compensation-handicap.pdf\">\n\t\t\t\t\t\t<span class=\"elementor-button-content-wrapper\">\n\t\t\t\t\t\t\t\t\t<span class=\"elementor-button-text\">T\u00e9l\u00e9chargez nos propositions de compensation aux diff\u00e9rents types de handicap<\/span>\n\t\t\t\t\t<\/span>\n\t\t\t\t\t<\/a>\n\t\t\t\t<\/div>\n\t\t\t\t\t\t\t\t<\/div>\n\t\t\t\t<\/div>\n\t\t\t\t\t<\/div>\n\t\t<\/div>\n\t\t\t\t\t<\/div>\n\t\t<\/section>\n\t\t\t\t<section class=\"elementor-section elementor-top-section elementor-element elementor-element-9a22dfb elementor-section-boxed elementor-section-height-default elementor-section-height-default\" data-id=\"9a22dfb\" data-element_type=\"section\">\n\t\t\t\t\t\t<div class=\"elementor-container elementor-column-gap-default\">\n\t\t\t\t\t<div class=\"elementor-column elementor-col-100 elementor-top-column elementor-element elementor-element-fa387a9\" data-id=\"fa387a9\" data-element_type=\"column\">\n\t\t\t<div class=\"elementor-widget-wrap elementor-element-populated\">\n\t\t\t\t\t\t<div class=\"elementor-element elementor-element-5968d07 elementor-align-center elementor-widget elementor-widget-button\" data-id=\"5968d07\" data-element_type=\"widget\" data-widget_type=\"button.default\">\n\t\t\t\t<div class=\"elementor-widget-container\">\n\t\t\t\t\t\t\t\t\t<div class=\"elementor-button-wrapper\">\n\t\t\t\t\t<a class=\"elementor-button elementor-button-link elementor-size-sm\" href=\"https:\/\/controlc.fr\/wp-content\/uploads\/2026\/03\/01-Controlc_notre-politique-handicap_mars2026.pdf\" target=\"_blank\">\n\t\t\t\t\t\t<span class=\"elementor-button-content-wrapper\">\n\t\t\t\t\t\t\t\t\t<span class=\"elementor-button-text\">T\u00e9l\u00e9chargez notre fiche de contacts utiles<\/span>\n\t\t\t\t\t<\/span>\n\t\t\t\t\t<\/a>\n\t\t\t\t<\/div>\n\t\t\t\t\t\t\t\t<\/div>\n\t\t\t\t<\/div>\n\t\t\t\t\t<\/div>\n\t\t<\/div>\n\t\t\t\t\t<\/div>\n\t\t<\/section>\n\t\t\t\t<\/div>\n\t\t","protected":false},"excerpt":{"rendered":"<p>&nbsp;Si vous \u00eates en situation de handicap,Control^C vous propose : \u00d8&nbsp;la&nbsp;gestion de votre accueil et un accompagnement personnalis\u00e9 au cours de votre formation \u00d8&nbsp;des&nbsp;informations et des contacts utiles Un r\u00e9f\u00e9rent handicap est pr\u00e9sent au sein de l\u2019\u00e9tablissement.&nbsp;&nbsp;Il suit l\u2019ensemble des b\u00e9n\u00e9ficiaires dans leurs d\u00e9marches et s\u2019assure de leur acc\u00e8s \u00e0&hellip;<\/p>\n","protected":false},"author":1,"featured_media":0,"parent":0,"menu_order":0,"comment_status":"closed","ping_status":"closed","template":"","meta":{"footnotes":""},"class_list":["post-1907","page","type-page","status-publish","hentry"],"yoast_head":"<!-- This site is optimized with the Yoast SEO plugin v24.4 - https:\/\/yoast.com\/wordpress\/plugins\/seo\/ -->\n<title>Accessibilit\u00e9 Handicap -<\/title>\n<meta name=\"description\" content=\"Ceci est la page d\u00e9di\u00e9e aux modalit\u00e9s et contacts utiles pour l&#039;accueil du public en situation de handicap.\" \/>\n<meta name=\"robots\" content=\"index, follow, max-snippet:-1, max-image-preview:large, max-video-preview:-1\" \/>\n<link rel=\"canonical\" href=\"https:\/\/controlc.fr\/index.php\/accessibilite-handicap-accueil-formation\/\" \/>\n<meta property=\"og:locale\" content=\"fr_FR\" \/>\n<meta property=\"og:type\" content=\"article\" \/>\n<meta property=\"og:title\" content=\"Accessibilit\u00e9 Handicap -\" \/>\n<meta property=\"og:description\" content=\"Ceci est la page d\u00e9di\u00e9e aux modalit\u00e9s et contacts utiles pour l&#039;accueil du public en situation de handicap.\" \/>\n<meta property=\"og:url\" content=\"https:\/\/controlc.fr\/index.php\/accessibilite-handicap-accueil-formation\/\" \/>\n<meta property=\"article:modified_time\" content=\"2026-03-09T16:14:15+00:00\" \/>\n<meta property=\"og:image\" content=\"https:\/\/controlc.fr\/wp-content\/uploads\/2020\/12\/cropped-cropped-cropped-logo-melun.png\" \/>\n\t<meta property=\"og:image:width\" content=\"427\" \/>\n\t<meta property=\"og:image:height\" content=\"100\" \/>\n\t<meta property=\"og:image:type\" content=\"image\/png\" \/>\n<meta name=\"twitter:card\" content=\"summary_large_image\" \/>\n<meta name=\"twitter:site\" content=\"@controlcmelun\" \/>\n<meta name=\"twitter:label1\" content=\"Dur\u00e9e de lecture estim\u00e9e\" \/>\n\t<meta name=\"twitter:data1\" content=\"2 minutes\" \/>\n<script type=\"application\/ld+json\" class=\"yoast-schema-graph\">{\"@context\":\"https:\/\/schema.org\",\"@graph\":[{\"@type\":\"WebPage\",\"@id\":\"https:\/\/controlc.fr\/index.php\/accessibilite-handicap-accueil-formation\/\",\"url\":\"https:\/\/controlc.fr\/index.php\/accessibilite-handicap-accueil-formation\/\",\"name\":\"Accessibilit\u00e9 Handicap -\",\"isPartOf\":{\"@id\":\"https:\/\/controlc.fr\/#website\"},\"datePublished\":\"2021-03-31T08:23:27+00:00\",\"dateModified\":\"2026-03-09T16:14:15+00:00\",\"description\":\"Ceci est la page d\u00e9di\u00e9e aux modalit\u00e9s et contacts utiles pour l'accueil du public en situation de handicap.\",\"breadcrumb\":{\"@id\":\"https:\/\/controlc.fr\/index.php\/accessibilite-handicap-accueil-formation\/#breadcrumb\"},\"inLanguage\":\"fr-FR\",\"potentialAction\":[{\"@type\":\"ReadAction\",\"target\":[\"https:\/\/controlc.fr\/index.php\/accessibilite-handicap-accueil-formation\/\"]}]},{\"@type\":\"BreadcrumbList\",\"@id\":\"https:\/\/controlc.fr\/index.php\/accessibilite-handicap-accueil-formation\/#breadcrumb\",\"itemListElement\":[{\"@type\":\"ListItem\",\"position\":1,\"name\":\"Accueil\",\"item\":\"https:\/\/controlc.fr\/\"},{\"@type\":\"ListItem\",\"position\":2,\"name\":\"Accessibilit\u00e9 Handicap\"}]},{\"@type\":\"WebSite\",\"@id\":\"https:\/\/controlc.fr\/#website\",\"url\":\"https:\/\/controlc.fr\/\",\"name\":\"Controlc.fr\",\"description\":\"\",\"publisher\":{\"@id\":\"https:\/\/controlc.fr\/#organization\"},\"potentialAction\":[{\"@type\":\"SearchAction\",\"target\":{\"@type\":\"EntryPoint\",\"urlTemplate\":\"https:\/\/controlc.fr\/?s={search_term_string}\"},\"query-input\":{\"@type\":\"PropertyValueSpecification\",\"valueRequired\":true,\"valueName\":\"search_term_string\"}}],\"inLanguage\":\"fr-FR\"},{\"@type\":\"Organization\",\"@id\":\"https:\/\/controlc.fr\/#organization\",\"name\":\"Control^C\",\"url\":\"https:\/\/controlc.fr\/\",\"logo\":{\"@type\":\"ImageObject\",\"inLanguage\":\"fr-FR\",\"@id\":\"https:\/\/controlc.fr\/#\/schema\/logo\/image\/\",\"url\":\"https:\/\/controlc.fr\/wp-content\/uploads\/2020\/12\/cropped-cropped-cropped-logo-melun.png\",\"contentUrl\":\"https:\/\/controlc.fr\/wp-content\/uploads\/2020\/12\/cropped-cropped-cropped-logo-melun.png\",\"width\":427,\"height\":100,\"caption\":\"Control^C\"},\"image\":{\"@id\":\"https:\/\/controlc.fr\/#\/schema\/logo\/image\/\"},\"sameAs\":[\"https:\/\/x.com\/controlcmelun\",\"https:\/\/www.linkedin.com\/company\/8009384\"]}]}<\/script>\n<!-- \/ Yoast SEO plugin. -->","yoast_head_json":{"title":"Accessibilit\u00e9 Handicap -","description":"Ceci est la page d\u00e9di\u00e9e aux modalit\u00e9s et contacts utiles pour l'accueil du public en situation de handicap.","robots":{"index":"index","follow":"follow","max-snippet":"max-snippet:-1","max-image-preview":"max-image-preview:large","max-video-preview":"max-video-preview:-1"},"canonical":"https:\/\/controlc.fr\/index.php\/accessibilite-handicap-accueil-formation\/","og_locale":"fr_FR","og_type":"article","og_title":"Accessibilit\u00e9 Handicap -","og_description":"Ceci est la page d\u00e9di\u00e9e aux modalit\u00e9s et contacts utiles pour l'accueil du public en situation de handicap.","og_url":"https:\/\/controlc.fr\/index.php\/accessibilite-handicap-accueil-formation\/","article_modified_time":"2026-03-09T16:14:15+00:00","og_image":[{"width":427,"height":100,"url":"https:\/\/controlc.fr\/wp-content\/uploads\/2020\/12\/cropped-cropped-cropped-logo-melun.png","type":"image\/png"}],"twitter_card":"summary_large_image","twitter_site":"@controlcmelun","twitter_misc":{"Dur\u00e9e de lecture estim\u00e9e":"2 minutes"},"schema":{"@context":"https:\/\/schema.org","@graph":[{"@type":"WebPage","@id":"https:\/\/controlc.fr\/index.php\/accessibilite-handicap-accueil-formation\/","url":"https:\/\/controlc.fr\/index.php\/accessibilite-handicap-accueil-formation\/","name":"Accessibilit\u00e9 Handicap -","isPartOf":{"@id":"https:\/\/controlc.fr\/#website"},"datePublished":"2021-03-31T08:23:27+00:00","dateModified":"2026-03-09T16:14:15+00:00","description":"Ceci est la page d\u00e9di\u00e9e aux modalit\u00e9s et contacts utiles pour l'accueil du public en situation de handicap.","breadcrumb":{"@id":"https:\/\/controlc.fr\/index.php\/accessibilite-handicap-accueil-formation\/#breadcrumb"},"inLanguage":"fr-FR","potentialAction":[{"@type":"ReadAction","target":["https:\/\/controlc.fr\/index.php\/accessibilite-handicap-accueil-formation\/"]}]},{"@type":"BreadcrumbList","@id":"https:\/\/controlc.fr\/index.php\/accessibilite-handicap-accueil-formation\/#breadcrumb","itemListElement":[{"@type":"ListItem","position":1,"name":"Accueil","item":"https:\/\/controlc.fr\/"},{"@type":"ListItem","position":2,"name":"Accessibilit\u00e9 Handicap"}]},{"@type":"WebSite","@id":"https:\/\/controlc.fr\/#website","url":"https:\/\/controlc.fr\/","name":"Controlc.fr","description":"","publisher":{"@id":"https:\/\/controlc.fr\/#organization"},"potentialAction":[{"@type":"SearchAction","target":{"@type":"EntryPoint","urlTemplate":"https:\/\/controlc.fr\/?s={search_term_string}"},"query-input":{"@type":"PropertyValueSpecification","valueRequired":true,"valueName":"search_term_string"}}],"inLanguage":"fr-FR"},{"@type":"Organization","@id":"https:\/\/controlc.fr\/#organization","name":"Control^C","url":"https:\/\/controlc.fr\/","logo":{"@type":"ImageObject","inLanguage":"fr-FR","@id":"https:\/\/controlc.fr\/#\/schema\/logo\/image\/","url":"https:\/\/controlc.fr\/wp-content\/uploads\/2020\/12\/cropped-cropped-cropped-logo-melun.png","contentUrl":"https:\/\/controlc.fr\/wp-content\/uploads\/2020\/12\/cropped-cropped-cropped-logo-melun.png","width":427,"height":100,"caption":"Control^C"},"image":{"@id":"https:\/\/controlc.fr\/#\/schema\/logo\/image\/"},"sameAs":["https:\/\/x.com\/controlcmelun","https:\/\/www.linkedin.com\/company\/8009384"]}]}},"_links":{"self":[{"href":"https:\/\/controlc.fr\/index.php\/wp-json\/wp\/v2\/pages\/1907","targetHints":{"allow":["GET"]}}],"collection":[{"href":"https:\/\/controlc.fr\/index.php\/wp-json\/wp\/v2\/pages"}],"about":[{"href":"https:\/\/controlc.fr\/index.php\/wp-json\/wp\/v2\/types\/page"}],"author":[{"embeddable":true,"href":"https:\/\/controlc.fr\/index.php\/wp-json\/wp\/v2\/users\/1"}],"replies":[{"embeddable":true,"href":"https:\/\/controlc.fr\/index.php\/wp-json\/wp\/v2\/comments?post=1907"}],"version-history":[{"count":44,"href":"https:\/\/controlc.fr\/index.php\/wp-json\/wp\/v2\/pages\/1907\/revisions"}],"predecessor-version":[{"id":6580,"href":"https:\/\/controlc.fr\/index.php\/wp-json\/wp\/v2\/pages\/1907\/revisions\/6580"}],"wp:attachment":[{"href":"https:\/\/controlc.fr\/index.php\/wp-json\/wp\/v2\/media?parent=1907"}],"curies":[{"name":"wp","href":"https:\/\/api.w.org\/{rel}","templated":true}]}}