{"id":1883,"date":"2021-03-30T21:33:38","date_gmt":"2021-03-30T19:33:38","guid":{"rendered":"http:\/\/thjjwyy.cluster030.hosting.ovh.net\/?page_id=1883"},"modified":"2024-05-15T15:59:28","modified_gmt":"2024-05-15T13:59:28","slug":"nos-locaux","status":"publish","type":"page","link":"https:\/\/controlc.fr\/index.php\/nos-locaux\/","title":{"rendered":"Nos locaux"},"content":{"rendered":"\t\t<div data-elementor-type=\"wp-page\" data-elementor-id=\"1883\" class=\"elementor elementor-1883\">\n\t\t\t\t\t\t<section class=\"elementor-section elementor-top-section elementor-element elementor-element-c3afbf1 elementor-section-boxed elementor-section-height-default elementor-section-height-default\" data-id=\"c3afbf1\" data-element_type=\"section\">\n\t\t\t\t\t\t<div class=\"elementor-container elementor-column-gap-default\">\n\t\t\t\t\t<div class=\"elementor-column elementor-col-100 elementor-top-column elementor-element elementor-element-a1f2b51\" data-id=\"a1f2b51\" data-element_type=\"column\">\n\t\t\t<div class=\"elementor-widget-wrap elementor-element-populated\">\n\t\t\t\t\t\t<div class=\"elementor-element elementor-element-08ddecd elementor-widget elementor-widget-heading\" data-id=\"08ddecd\" data-element_type=\"widget\" data-widget_type=\"heading.default\">\n\t\t\t\t<div class=\"elementor-widget-container\">\n\t\t\t\t\t<h2 class=\"elementor-heading-title elementor-size-default\">D\u00e9couvrez nos locaux<\/h2>\t\t\t\t<\/div>\n\t\t\t\t<\/div>\n\t\t\t\t\t<\/div>\n\t\t<\/div>\n\t\t\t\t\t<\/div>\n\t\t<\/section>\n\t\t\t\t<section class=\"elementor-section elementor-top-section elementor-element elementor-element-1ef9c1a elementor-section-boxed elementor-section-height-default elementor-section-height-default\" data-id=\"1ef9c1a\" data-element_type=\"section\">\n\t\t\t\t\t\t<div class=\"elementor-container elementor-column-gap-default\">\n\t\t\t\t\t<div class=\"elementor-column elementor-col-100 elementor-top-column elementor-element elementor-element-46b9e4a\" data-id=\"46b9e4a\" data-element_type=\"column\">\n\t\t\t<div class=\"elementor-widget-wrap elementor-element-populated\">\n\t\t\t\t\t\t<div class=\"elementor-element elementor-element-5dcf6c8 elementor-widget elementor-widget-text-editor\" data-id=\"5dcf6c8\" data-element_type=\"widget\" data-widget_type=\"text-editor.default\">\n\t\t\t\t<div class=\"elementor-widget-container\">\n\t\t\t\t\t\t\t\t\t<p>Notre centre de formation, Control^C, est situ\u00e9 derri\u00e8re la gare de Melun, face au Palais de Justice, au 1er \u00e9tage droite du 1 Place de l\u2019Ermitage \u2013 77000 MELUN.<br \/>L\u2019entr\u00e9e se situe entre la banque LCL et la brasserie \u2013tabac \u00ab La Rotonde \u00bb.<\/p><p><em><strong><span style=\"color: #333333; font-family: Arial, Helvetica, sans-serif; font-size: 12px; text-indent: 4px;\">Nos locaux\u00a0<\/span><span style=\"color: #333333; font-family: Arial, Helvetica, sans-serif; font-size: 12px; text-indent: 4px;\">\u00a0sont ouverts\u00a0<\/span><span style=\"color: #333333; font-family: Arial, Helvetica, sans-serif; font-size: 12px; text-indent: 4px;\">\u00a0de 08h45 \u00e0 12h00\u00a0<\/span><span style=\"color: #333333; font-family: Arial, Helvetica, sans-serif; font-size: 12px; text-indent: 4px;\">\u00a0et\u00a0<\/span><span style=\"color: #333333; font-family: Arial, Helvetica, sans-serif; font-size: 12px; text-indent: 4px;\">\u00a0de 13h30 \u00e0 17h30.<\/span><\/strong><\/em><\/p>\t\t\t\t\t\t\t\t<\/div>\n\t\t\t\t<\/div>\n\t\t\t\t\t<\/div>\n\t\t<\/div>\n\t\t\t\t\t<\/div>\n\t\t<\/section>\n\t\t\t\t<section class=\"elementor-section elementor-top-section elementor-element elementor-element-080d649 elementor-section-boxed elementor-section-height-default elementor-section-height-default\" data-id=\"080d649\" data-element_type=\"section\">\n\t\t\t\t\t\t<div class=\"elementor-container elementor-column-gap-default\">\n\t\t\t\t\t<div class=\"elementor-column elementor-col-50 elementor-top-column elementor-element elementor-element-2a66c33\" data-id=\"2a66c33\" data-element_type=\"column\">\n\t\t\t<div class=\"elementor-widget-wrap elementor-element-populated\">\n\t\t\t\t\t\t<div class=\"elementor-element elementor-element-d09166c elementor-widget elementor-widget-google_maps\" data-id=\"d09166c\" data-element_type=\"widget\" data-widget_type=\"google_maps.default\">\n\t\t\t\t<div class=\"elementor-widget-container\">\n\t\t\t\t\t\t\t<div class=\"elementor-custom-embed\">\n\t\t\t<iframe loading=\"lazy\"\n\t\t\t\t\tsrc=\"https:\/\/maps.google.com\/maps?q=1%20place%20de%20l%20ermitage%2077000%20melun&#038;t=m&#038;z=16&#038;output=embed&#038;iwloc=near\"\n\t\t\t\t\ttitle=\"1 place de l ermitage 77000 melun\"\n\t\t\t\t\taria-label=\"1 place de l ermitage 77000 melun\"\n\t\t\t><\/iframe>\n\t\t<\/div>\n\t\t\t\t\t\t<\/div>\n\t\t\t\t<\/div>\n\t\t\t\t\t<\/div>\n\t\t<\/div>\n\t\t\t\t<div class=\"elementor-column elementor-col-50 elementor-top-column elementor-element elementor-element-9d07ef7\" data-id=\"9d07ef7\" data-element_type=\"column\">\n\t\t\t<div class=\"elementor-widget-wrap elementor-element-populated\">\n\t\t\t\t\t\t<div class=\"elementor-element elementor-element-3537d8f elementor-widget elementor-widget-text-editor\" data-id=\"3537d8f\" data-element_type=\"widget\" data-widget_type=\"text-editor.default\">\n\t\t\t\t<div class=\"elementor-widget-container\">\n\t\t\t\t\t\t\t\t\t<p>Notre centre est accessible aussi facilement par les transports en commun que par la route :<br \/>-RER D<br \/>-Ligne R du Transilien (25 minutes en train direct de Paris Gare de Lyon)<br \/>-Bus de l\u2019agglom\u00e9ration et d\u00e9partementaux<br \/>-Autoroutes : A5, A6, Francilienne<\/p><p>La zone de la gare de Melun est partag\u00e9e en plusieurs zones de stationnement<br \/>(zone bleue, zone orange).<br \/>Nous recommandons \u00e0 nos stagiaires le parking Indigo de la gare , situ\u00e9 \u00e0 deux minutes \u00e0 pied de nos locaux.<\/p>\t\t\t\t\t\t\t\t<\/div>\n\t\t\t\t<\/div>\n\t\t\t\t\t<\/div>\n\t\t<\/div>\n\t\t\t\t\t<\/div>\n\t\t<\/section>\n\t\t\t\t<section class=\"elementor-section elementor-top-section elementor-element elementor-element-2f1737d elementor-section-boxed elementor-section-height-default elementor-section-height-default\" data-id=\"2f1737d\" data-element_type=\"section\">\n\t\t\t\t\t\t<div class=\"elementor-container elementor-column-gap-default\">\n\t\t\t\t\t<div class=\"elementor-column elementor-col-50 elementor-top-column elementor-element elementor-element-1a2fb48\" data-id=\"1a2fb48\" data-element_type=\"column\">\n\t\t\t<div class=\"elementor-widget-wrap elementor-element-populated\">\n\t\t\t\t\t\t<div class=\"elementor-element elementor-element-bc5f350 elementor-align-center elementor-widget elementor-widget-button\" data-id=\"bc5f350\" data-element_type=\"widget\" data-widget_type=\"button.default\">\n\t\t\t\t<div class=\"elementor-widget-container\">\n\t\t\t\t\t\t\t\t\t<div class=\"elementor-button-wrapper\">\n\t\t\t\t\t<a class=\"elementor-button elementor-button-link elementor-size-sm\" href=\"https:\/\/controlc.fr\/wp-content\/uploads\/2021\/04\/01-Plan-acces-ControlC-Melun.pdf\" target=\"_blank\">\n\t\t\t\t\t\t<span class=\"elementor-button-content-wrapper\">\n\t\t\t\t\t\t\t\t\t<span class=\"elementor-button-text\">T\u00e9l\u00e9charger le plan d'acc\u00e9s<\/span>\n\t\t\t\t\t<\/span>\n\t\t\t\t\t<\/a>\n\t\t\t\t<\/div>\n\t\t\t\t\t\t\t\t<\/div>\n\t\t\t\t<\/div>\n\t\t\t\t\t<\/div>\n\t\t<\/div>\n\t\t\t\t<div class=\"elementor-column elementor-col-50 elementor-top-column elementor-element elementor-element-23cbc62\" data-id=\"23cbc62\" data-element_type=\"column\">\n\t\t\t<div class=\"elementor-widget-wrap elementor-element-populated\">\n\t\t\t\t\t\t<div class=\"elementor-element elementor-element-8f742e2 elementor-align-center elementor-widget elementor-widget-button\" data-id=\"8f742e2\" data-element_type=\"widget\" data-widget_type=\"button.default\">\n\t\t\t\t<div class=\"elementor-widget-container\">\n\t\t\t\t\t\t\t\t\t<div class=\"elementor-button-wrapper\">\n\t\t\t\t\t<a class=\"elementor-button elementor-button-link elementor-size-sm\" href=\"https:\/\/controlc.fr\/wp-content\/uploads\/2021\/05\/Controlc_equipement-du-centre-et-CDT.pdf\" target=\"_blank\">\n\t\t\t\t\t\t<span class=\"elementor-button-content-wrapper\">\n\t\t\t\t\t\t\t\t\t<span class=\"elementor-button-text\">Photos et \u00e9quipements du centre<\/span>\n\t\t\t\t\t<\/span>\n\t\t\t\t\t<\/a>\n\t\t\t\t<\/div>\n\t\t\t\t\t\t\t\t<\/div>\n\t\t\t\t<\/div>\n\t\t\t\t\t<\/div>\n\t\t<\/div>\n\t\t\t\t\t<\/div>\n\t\t<\/section>\n\t\t\t\t<\/div>\n\t\t","protected":false},"excerpt":{"rendered":"<p>D\u00e9couvrez nos locaux Notre centre de formation, Control^C, est situ\u00e9 derri\u00e8re la gare de Melun, face au Palais de Justice, au 1er \u00e9tage droite du 1 Place de l\u2019Ermitage \u2013 77000 MELUN. L\u2019entr\u00e9e se situe entre la banque LCL et la brasserie \u2013tabac \u00ab La Rotonde \u00bb. Nos locaux&nbsp;&nbsp;sont ouverts&nbsp;&nbsp;de&hellip;<\/p>\n","protected":false},"author":1,"featured_media":0,"parent":0,"menu_order":0,"comment_status":"closed","ping_status":"closed","template":"elementor_header_footer","meta":{"footnotes":""},"class_list":["post-1883","page","type-page","status-publish","hentry"],"yoast_head":"<!-- This site is optimized with the Yoast SEO plugin v24.4 - https:\/\/yoast.com\/wordpress\/plugins\/seo\/ -->\n<title>Nos locaux -<\/title>\n<meta name=\"description\" content=\"Plan d&#039;acc\u00e8s et descriptif des locaux de l&#039;organisme de formation professionnelle Control^C, situ\u00e9 \u00e0 Melun gare. Certifi\u00e9 QUALIOPI.\" \/>\n<meta name=\"robots\" content=\"index, follow, max-snippet:-1, max-image-preview:large, max-video-preview:-1\" \/>\n<link rel=\"canonical\" href=\"https:\/\/controlc.fr\/index.php\/nos-locaux\/\" \/>\n<meta property=\"og:locale\" content=\"fr_FR\" \/>\n<meta property=\"og:type\" content=\"article\" \/>\n<meta property=\"og:title\" content=\"Nos locaux -\" \/>\n<meta property=\"og:description\" content=\"Plan d&#039;acc\u00e8s et descriptif des locaux de l&#039;organisme de formation professionnelle Control^C, situ\u00e9 \u00e0 Melun gare. Certifi\u00e9 QUALIOPI.\" \/>\n<meta property=\"og:url\" content=\"https:\/\/controlc.fr\/index.php\/nos-locaux\/\" \/>\n<meta property=\"article:modified_time\" content=\"2024-05-15T13:59:28+00:00\" \/>\n<meta property=\"og:image\" content=\"https:\/\/controlc.fr\/wp-content\/uploads\/2020\/12\/cropped-cropped-cropped-logo-melun.png\" \/>\n\t<meta property=\"og:image:width\" content=\"427\" \/>\n\t<meta property=\"og:image:height\" content=\"100\" \/>\n\t<meta property=\"og:image:type\" content=\"image\/png\" \/>\n<meta name=\"twitter:card\" content=\"summary_large_image\" \/>\n<meta name=\"twitter:site\" content=\"@controlcmelun\" \/>\n<meta name=\"twitter:label1\" content=\"Dur\u00e9e de lecture estim\u00e9e\" \/>\n\t<meta name=\"twitter:data1\" content=\"1 minute\" \/>\n<script type=\"application\/ld+json\" class=\"yoast-schema-graph\">{\"@context\":\"https:\/\/schema.org\",\"@graph\":[{\"@type\":\"WebPage\",\"@id\":\"https:\/\/controlc.fr\/index.php\/nos-locaux\/\",\"url\":\"https:\/\/controlc.fr\/index.php\/nos-locaux\/\",\"name\":\"Nos locaux -\",\"isPartOf\":{\"@id\":\"https:\/\/controlc.fr\/#website\"},\"datePublished\":\"2021-03-30T19:33:38+00:00\",\"dateModified\":\"2024-05-15T13:59:28+00:00\",\"description\":\"Plan d'acc\u00e8s et descriptif des locaux de l'organisme de formation professionnelle Control^C, situ\u00e9 \u00e0 Melun gare. Certifi\u00e9 QUALIOPI.\",\"breadcrumb\":{\"@id\":\"https:\/\/controlc.fr\/index.php\/nos-locaux\/#breadcrumb\"},\"inLanguage\":\"fr-FR\",\"potentialAction\":[{\"@type\":\"ReadAction\",\"target\":[\"https:\/\/controlc.fr\/index.php\/nos-locaux\/\"]}]},{\"@type\":\"BreadcrumbList\",\"@id\":\"https:\/\/controlc.fr\/index.php\/nos-locaux\/#breadcrumb\",\"itemListElement\":[{\"@type\":\"ListItem\",\"position\":1,\"name\":\"Accueil\",\"item\":\"https:\/\/controlc.fr\/\"},{\"@type\":\"ListItem\",\"position\":2,\"name\":\"Nos locaux\"}]},{\"@type\":\"WebSite\",\"@id\":\"https:\/\/controlc.fr\/#website\",\"url\":\"https:\/\/controlc.fr\/\",\"name\":\"Controlc.fr\",\"description\":\"\",\"publisher\":{\"@id\":\"https:\/\/controlc.fr\/#organization\"},\"potentialAction\":[{\"@type\":\"SearchAction\",\"target\":{\"@type\":\"EntryPoint\",\"urlTemplate\":\"https:\/\/controlc.fr\/?s={search_term_string}\"},\"query-input\":{\"@type\":\"PropertyValueSpecification\",\"valueRequired\":true,\"valueName\":\"search_term_string\"}}],\"inLanguage\":\"fr-FR\"},{\"@type\":\"Organization\",\"@id\":\"https:\/\/controlc.fr\/#organization\",\"name\":\"Control^C\",\"url\":\"https:\/\/controlc.fr\/\",\"logo\":{\"@type\":\"ImageObject\",\"inLanguage\":\"fr-FR\",\"@id\":\"https:\/\/controlc.fr\/#\/schema\/logo\/image\/\",\"url\":\"https:\/\/controlc.fr\/wp-content\/uploads\/2020\/12\/cropped-cropped-cropped-logo-melun.png\",\"contentUrl\":\"https:\/\/controlc.fr\/wp-content\/uploads\/2020\/12\/cropped-cropped-cropped-logo-melun.png\",\"width\":427,\"height\":100,\"caption\":\"Control^C\"},\"image\":{\"@id\":\"https:\/\/controlc.fr\/#\/schema\/logo\/image\/\"},\"sameAs\":[\"https:\/\/x.com\/controlcmelun\",\"https:\/\/www.linkedin.com\/company\/8009384\"]}]}<\/script>\n<!-- \/ Yoast SEO plugin. -->","yoast_head_json":{"title":"Nos locaux -","description":"Plan d'acc\u00e8s et descriptif des locaux de l'organisme de formation professionnelle Control^C, situ\u00e9 \u00e0 Melun gare. Certifi\u00e9 QUALIOPI.","robots":{"index":"index","follow":"follow","max-snippet":"max-snippet:-1","max-image-preview":"max-image-preview:large","max-video-preview":"max-video-preview:-1"},"canonical":"https:\/\/controlc.fr\/index.php\/nos-locaux\/","og_locale":"fr_FR","og_type":"article","og_title":"Nos locaux -","og_description":"Plan d'acc\u00e8s et descriptif des locaux de l'organisme de formation professionnelle Control^C, situ\u00e9 \u00e0 Melun gare. Certifi\u00e9 QUALIOPI.","og_url":"https:\/\/controlc.fr\/index.php\/nos-locaux\/","article_modified_time":"2024-05-15T13:59:28+00:00","og_image":[{"width":427,"height":100,"url":"https:\/\/controlc.fr\/wp-content\/uploads\/2020\/12\/cropped-cropped-cropped-logo-melun.png","type":"image\/png"}],"twitter_card":"summary_large_image","twitter_site":"@controlcmelun","twitter_misc":{"Dur\u00e9e de lecture estim\u00e9e":"1 minute"},"schema":{"@context":"https:\/\/schema.org","@graph":[{"@type":"WebPage","@id":"https:\/\/controlc.fr\/index.php\/nos-locaux\/","url":"https:\/\/controlc.fr\/index.php\/nos-locaux\/","name":"Nos locaux -","isPartOf":{"@id":"https:\/\/controlc.fr\/#website"},"datePublished":"2021-03-30T19:33:38+00:00","dateModified":"2024-05-15T13:59:28+00:00","description":"Plan d'acc\u00e8s et descriptif des locaux de l'organisme de formation professionnelle Control^C, situ\u00e9 \u00e0 Melun gare. Certifi\u00e9 QUALIOPI.","breadcrumb":{"@id":"https:\/\/controlc.fr\/index.php\/nos-locaux\/#breadcrumb"},"inLanguage":"fr-FR","potentialAction":[{"@type":"ReadAction","target":["https:\/\/controlc.fr\/index.php\/nos-locaux\/"]}]},{"@type":"BreadcrumbList","@id":"https:\/\/controlc.fr\/index.php\/nos-locaux\/#breadcrumb","itemListElement":[{"@type":"ListItem","position":1,"name":"Accueil","item":"https:\/\/controlc.fr\/"},{"@type":"ListItem","position":2,"name":"Nos locaux"}]},{"@type":"WebSite","@id":"https:\/\/controlc.fr\/#website","url":"https:\/\/controlc.fr\/","name":"Controlc.fr","description":"","publisher":{"@id":"https:\/\/controlc.fr\/#organization"},"potentialAction":[{"@type":"SearchAction","target":{"@type":"EntryPoint","urlTemplate":"https:\/\/controlc.fr\/?s={search_term_string}"},"query-input":{"@type":"PropertyValueSpecification","valueRequired":true,"valueName":"search_term_string"}}],"inLanguage":"fr-FR"},{"@type":"Organization","@id":"https:\/\/controlc.fr\/#organization","name":"Control^C","url":"https:\/\/controlc.fr\/","logo":{"@type":"ImageObject","inLanguage":"fr-FR","@id":"https:\/\/controlc.fr\/#\/schema\/logo\/image\/","url":"https:\/\/controlc.fr\/wp-content\/uploads\/2020\/12\/cropped-cropped-cropped-logo-melun.png","contentUrl":"https:\/\/controlc.fr\/wp-content\/uploads\/2020\/12\/cropped-cropped-cropped-logo-melun.png","width":427,"height":100,"caption":"Control^C"},"image":{"@id":"https:\/\/controlc.fr\/#\/schema\/logo\/image\/"},"sameAs":["https:\/\/x.com\/controlcmelun","https:\/\/www.linkedin.com\/company\/8009384"]}]}},"_links":{"self":[{"href":"https:\/\/controlc.fr\/index.php\/wp-json\/wp\/v2\/pages\/1883","targetHints":{"allow":["GET"]}}],"collection":[{"href":"https:\/\/controlc.fr\/index.php\/wp-json\/wp\/v2\/pages"}],"about":[{"href":"https:\/\/controlc.fr\/index.php\/wp-json\/wp\/v2\/types\/page"}],"author":[{"embeddable":true,"href":"https:\/\/controlc.fr\/index.php\/wp-json\/wp\/v2\/users\/1"}],"replies":[{"embeddable":true,"href":"https:\/\/controlc.fr\/index.php\/wp-json\/wp\/v2\/comments?post=1883"}],"version-history":[{"count":48,"href":"https:\/\/controlc.fr\/index.php\/wp-json\/wp\/v2\/pages\/1883\/revisions"}],"predecessor-version":[{"id":5404,"href":"https:\/\/controlc.fr\/index.php\/wp-json\/wp\/v2\/pages\/1883\/revisions\/5404"}],"wp:attachment":[{"href":"https:\/\/controlc.fr\/index.php\/wp-json\/wp\/v2\/media?parent=1883"}],"curies":[{"name":"wp","href":"https:\/\/api.w.org\/{rel}","templated":true}]}}