{"id":1566,"date":"2021-01-13T16:36:07","date_gmt":"2021-01-13T15:36:07","guid":{"rendered":"http:\/\/thjjwyy.cluster030.hosting.ovh.net\/?page_id=1566"},"modified":"2024-05-15T16:25:22","modified_gmt":"2024-05-15T14:25:22","slug":"tosa-certification-bureautique-formation-certifiante-cpf","status":"publish","type":"page","link":"https:\/\/controlc.fr\/index.php\/tosa-certification-bureautique-formation-certifiante-cpf\/","title":{"rendered":"TOSA\u00ae"},"content":{"rendered":"\t\t<div data-elementor-type=\"wp-page\" data-elementor-id=\"1566\" class=\"elementor elementor-1566\">\n\t\t\t\t\t\t<section class=\"elementor-section elementor-top-section elementor-element elementor-element-0f98ce9 elementor-section-boxed elementor-section-height-default elementor-section-height-default\" data-id=\"0f98ce9\" data-element_type=\"section\">\n\t\t\t\t\t\t<div class=\"elementor-container elementor-column-gap-default\">\n\t\t\t\t\t<div class=\"elementor-column elementor-col-100 elementor-top-column elementor-element elementor-element-0a601a2\" data-id=\"0a601a2\" data-element_type=\"column\">\n\t\t\t<div class=\"elementor-widget-wrap elementor-element-populated\">\n\t\t\t\t\t\t<div class=\"elementor-element elementor-element-9e67f13 elementor-widget elementor-widget-heading\" data-id=\"9e67f13\" data-element_type=\"widget\" data-widget_type=\"heading.default\">\n\t\t\t\t<div class=\"elementor-widget-container\">\n\t\t\t\t\t<h1 class=\"elementor-heading-title elementor-size-default\">LES CERTIFICATIONS TOSA<\/h1>\t\t\t\t<\/div>\n\t\t\t\t<\/div>\n\t\t\t\t\t<\/div>\n\t\t<\/div>\n\t\t\t\t\t<\/div>\n\t\t<\/section>\n\t\t\t\t<section class=\"elementor-section elementor-top-section elementor-element elementor-element-86aba8f elementor-section-boxed elementor-section-height-default elementor-section-height-default\" data-id=\"86aba8f\" data-element_type=\"section\">\n\t\t\t\t\t\t<div class=\"elementor-container elementor-column-gap-default\">\n\t\t\t\t\t<div class=\"elementor-column elementor-col-100 elementor-top-column elementor-element elementor-element-022874a\" data-id=\"022874a\" data-element_type=\"column\">\n\t\t\t<div class=\"elementor-widget-wrap elementor-element-populated\">\n\t\t\t\t\t\t<div class=\"elementor-element elementor-element-0f92868 elementor-widget elementor-widget-spacer\" data-id=\"0f92868\" data-element_type=\"widget\" data-widget_type=\"spacer.default\">\n\t\t\t\t<div class=\"elementor-widget-container\">\n\t\t\t\t\t\t\t<div class=\"elementor-spacer\">\n\t\t\t<div class=\"elementor-spacer-inner\"><\/div>\n\t\t<\/div>\n\t\t\t\t\t\t<\/div>\n\t\t\t\t<\/div>\n\t\t\t\t\t<\/div>\n\t\t<\/div>\n\t\t\t\t\t<\/div>\n\t\t<\/section>\n\t\t\t\t<section class=\"elementor-section elementor-top-section elementor-element elementor-element-f489218 elementor-section-boxed elementor-section-height-default elementor-section-height-default\" data-id=\"f489218\" data-element_type=\"section\">\n\t\t\t\t\t\t<div class=\"elementor-container elementor-column-gap-default\">\n\t\t\t\t\t<div class=\"elementor-column elementor-col-100 elementor-top-column elementor-element elementor-element-e392d21\" data-id=\"e392d21\" data-element_type=\"column\">\n\t\t\t<div class=\"elementor-widget-wrap elementor-element-populated\">\n\t\t\t\t\t\t<div class=\"elementor-element elementor-element-907147e elementor-widget elementor-widget-heading\" data-id=\"907147e\" data-element_type=\"widget\" data-widget_type=\"heading.default\">\n\t\t\t\t<div class=\"elementor-widget-container\">\n\t\t\t\t\t<h4 class=\"elementor-heading-title elementor-size-default\">QU'EST-CE QUE C'EST ?\n<\/h4>\t\t\t\t<\/div>\n\t\t\t\t<\/div>\n\t\t\t\t\t<\/div>\n\t\t<\/div>\n\t\t\t\t\t<\/div>\n\t\t<\/section>\n\t\t\t\t<section class=\"elementor-section elementor-top-section elementor-element elementor-element-44ae43a elementor-section-boxed elementor-section-height-default elementor-section-height-default\" data-id=\"44ae43a\" data-element_type=\"section\">\n\t\t\t\t\t\t<div class=\"elementor-container elementor-column-gap-default\">\n\t\t\t\t\t<div class=\"elementor-column elementor-col-50 elementor-top-column elementor-element elementor-element-95d96a9\" data-id=\"95d96a9\" data-element_type=\"column\">\n\t\t\t<div class=\"elementor-widget-wrap elementor-element-populated\">\n\t\t\t\t\t\t<div class=\"elementor-element elementor-element-50bc17b elementor-widget elementor-widget-text-editor\" data-id=\"50bc17b\" data-element_type=\"widget\" data-widget_type=\"text-editor.default\">\n\t\t\t\t<div class=\"elementor-widget-container\">\n\t\t\t\t\t\t\t\t\t<p>La certification <a href=\"https:\/\/www.tosa.org\/FR\/index\">TOSA<\/a> est\u00a0<strong>le standard international de mesure des comp\u00e9tences informatiques.\u00a0\u00a0<\/strong><\/p><p>Les certifications Tosa \u00e9valuent et garantissent vos comp\u00e9tences bureautiques, digitales ou de programmation.<\/p><h2 class=\"marge200\"><span style=\"color: var( --e-global-color-text ); font-family: var( --e-global-typography-text-font-family ), Sans-serif; font-weight: var( --e-global-typography-text-font-weight ); font-size: 15px;\">La Certification TOSA s\u2019adresse \u00e0 tous, \u00e9tudiants, salari\u00e9s et personnes en recherche d\u2019emploi. Le TOSA d\u00e9livre un score sur 1000, sans \u00e9chec, permettant \u00e0 toute personne de valoriser ses comp\u00e9tences sur son CV. Le r\u00e9sultat du test est d\u00e9termin\u00e9 \u00e0 l&rsquo;aide d&rsquo;une m\u00e9thode de scoring scientifique.<\/span><\/h2><p class=\"marge200\">Les tests incluent des QCM et des manipulations r\u00e9elles des logiciels dans des mises en situation rencontr\u00e9es en entreprise.<\/p><p>L\u2019examen s\u2019effectue dans l\u2019un des centres agr\u00e9\u00e9s TOSA ou \u00e0 distance. Il est valid\u00e9 par un score sur 1000, et vous recevez sous 48 h le dipl\u00f4me associ\u00e9.\u00a0<\/p>\t\t\t\t\t\t\t\t<\/div>\n\t\t\t\t<\/div>\n\t\t\t\t\t<\/div>\n\t\t<\/div>\n\t\t\t\t<div class=\"elementor-column elementor-col-50 elementor-top-column elementor-element elementor-element-6f7cd37\" data-id=\"6f7cd37\" data-element_type=\"column\">\n\t\t\t<div class=\"elementor-widget-wrap elementor-element-populated\">\n\t\t\t\t\t\t<div class=\"elementor-element elementor-element-1abdecb elementor-widget elementor-widget-text-editor\" data-id=\"1abdecb\" data-element_type=\"widget\" data-widget_type=\"text-editor.default\">\n\t\t\t\t<div class=\"elementor-widget-container\">\n\t\t\t\t\t\t\t\t\t<h3>RECONNAISSANCE ET DIFFUSION<\/h3>\n<p><span style=\"color: var( --e-global-color-text ); font-family: var( --e-global-typography-text-font-family ), Sans-serif; font-weight: var( --e-global-typography-text-font-weight ); font-size: 15px;\">Utilis\u00e9 par des milliers d\u2019entreprises, d\u2019\u00e9tablissements d\u2019enseignement sup\u00e9rieur et d&rsquo;organismes de formation \u00e0 travers le monde, le Tosa est un standard international d&rsquo;\u00e9valuation et de certification des comp\u00e9tences bureautiques et digitales.<\/span><\/p>\n<p>Les certifications Tosa sont officiellement reconnues par l&rsquo;\u00c9tat et sont inscrites au R\u00e9pertoire Sp\u00e9cifique de France Comp\u00e9tences.<\/p>\n<p>Et parce qu\u2019il est primordial de pouvoir valoriser ses comp\u00e9tences de la m\u00eame fa\u00e7on partout dans le monde, le Tosa est officiellement reconnu en France, aux Pays Bas, au Royaume-Uni, au Canada, et aux \u00c9tats-Unis. Il est propos\u00e9 par plus de 1650 centres agr\u00e9\u00e9s et utilis\u00e9 dans 58 pays.<\/p><p>Il n&rsquo;est pas obligatoire de suivre une formation pour passer la Certification TOSA.<br><strong>N\u00e9anmoins, l<\/strong>e passage d&rsquo;une certification seule n&rsquo;est pas \u00e9ligible au CPF<br><\/p>\t\t\t\t\t\t\t\t<\/div>\n\t\t\t\t<\/div>\n\t\t\t\t\t<\/div>\n\t\t<\/div>\n\t\t\t\t\t<\/div>\n\t\t<\/section>\n\t\t\t\t<section class=\"elementor-section elementor-top-section elementor-element elementor-element-1e018d9 elementor-section-boxed elementor-section-height-default elementor-section-height-default\" data-id=\"1e018d9\" data-element_type=\"section\">\n\t\t\t\t\t\t<div class=\"elementor-container elementor-column-gap-default\">\n\t\t\t\t\t<div class=\"elementor-column elementor-col-100 elementor-top-column elementor-element elementor-element-8232cec\" data-id=\"8232cec\" data-element_type=\"column\">\n\t\t\t<div class=\"elementor-widget-wrap elementor-element-populated\">\n\t\t\t\t\t\t<div class=\"elementor-element elementor-element-dd8d433 elementor-widget elementor-widget-spacer\" data-id=\"dd8d433\" data-element_type=\"widget\" data-widget_type=\"spacer.default\">\n\t\t\t\t<div class=\"elementor-widget-container\">\n\t\t\t\t\t\t\t<div class=\"elementor-spacer\">\n\t\t\t<div class=\"elementor-spacer-inner\"><\/div>\n\t\t<\/div>\n\t\t\t\t\t\t<\/div>\n\t\t\t\t<\/div>\n\t\t\t\t\t<\/div>\n\t\t<\/div>\n\t\t\t\t\t<\/div>\n\t\t<\/section>\n\t\t\t\t<section class=\"elementor-section elementor-top-section elementor-element elementor-element-7fe6d8d elementor-section-boxed elementor-section-height-default elementor-section-height-default\" data-id=\"7fe6d8d\" data-element_type=\"section\">\n\t\t\t\t\t\t<div class=\"elementor-container elementor-column-gap-default\">\n\t\t\t\t\t<div class=\"elementor-column elementor-col-50 elementor-top-column elementor-element elementor-element-10eb7bf\" data-id=\"10eb7bf\" data-element_type=\"column\">\n\t\t\t<div class=\"elementor-widget-wrap elementor-element-populated\">\n\t\t\t\t\t\t<div class=\"elementor-element elementor-element-f957208 elementor-widget elementor-widget-text-editor\" data-id=\"f957208\" data-element_type=\"widget\" data-widget_type=\"text-editor.default\">\n\t\t\t\t<div class=\"elementor-widget-container\">\n\t\t\t\t\t\t\t\t\t<p>Afin de vous aider \u00e0 identifier pr\u00e9cis\u00e9ment la certification dont vous avez besoin, l&rsquo;offre se divise en 4 gammes:<\/p><ul><li>TOSA DESKTOP: La gamme Desktop propose des certifications et des \u00e9valuations sur les comp\u00e9tences bureautiques les plus attendues par les entreprises<\/li><li>TOSA GRAPHICS: La gamme Graphics propose des certifications et des \u00e9valuations sur les principaux logiciels de PAO et de CAO<\/li><li>TOSA DIGITAL : La gamme\u202f<i>\u00a0Digital\u00a0<\/i>\u202fpropose des certifications et des \u00e9valuations sur le r\u00e9f\u00e9rentiel europ\u00e9en DigComp, sur les outils collaboratifs d&rsquo;Office 365, mais aussi sur la cybers\u00e9curit\u00e9 et sur le CMS WordPress<\/li><li>TOSA CODE: La gamme Code propose des \u00e9valuations et des certifications sur les principaux langages de programmation.<\/li><\/ul><p>Les tests sont adaptatifs, sans \u00e9chec et ind\u00e9pendants les uns des autres.<br \/>L\u2019examen\u00a0<strong>s\u2019effectue dans l\u2019un des centres agr\u00e9\u00e9s TOSA<\/strong>\u00a0et est valid\u00e9 par<strong>\u00a0un score sur 1000.<\/strong><\/p><p>L\u2019examen s\u2019effectue dans l\u2019un des centres agr\u00e9\u00e9s TOSA ou \u00e0 distance. Il est valid\u00e9 par un score sur 1000, et vous recevez sous 48 h le dipl\u00f4me associ\u00e9.<\/p><p>\u00a0<\/p>\t\t\t\t\t\t\t\t<\/div>\n\t\t\t\t<\/div>\n\t\t\t\t\t<\/div>\n\t\t<\/div>\n\t\t\t\t<div class=\"elementor-column elementor-col-50 elementor-top-column elementor-element elementor-element-699dd20\" data-id=\"699dd20\" data-element_type=\"column\">\n\t\t\t<div class=\"elementor-widget-wrap elementor-element-populated\">\n\t\t\t\t\t\t<div class=\"elementor-element elementor-element-70c1ae1 elementor-widget elementor-widget-image\" data-id=\"70c1ae1\" data-element_type=\"widget\" data-widget_type=\"image.default\">\n\t\t\t\t<div class=\"elementor-widget-container\">\n\t\t\t\t\t\t\t\t\t\t\t\t\t\t\t<img fetchpriority=\"high\" decoding=\"async\" width=\"640\" height=\"453\" src=\"https:\/\/controlc.fr\/wp-content\/uploads\/2021\/04\/fr_diplome_office-1024x724.jpg\" class=\"attachment-large size-large wp-image-2020\" alt=\"dipl\u00f4me tosa\" srcset=\"https:\/\/controlc.fr\/wp-content\/uploads\/2021\/04\/fr_diplome_office-1024x724.jpg 1024w, https:\/\/controlc.fr\/wp-content\/uploads\/2021\/04\/fr_diplome_office-300x212.jpg 300w, https:\/\/controlc.fr\/wp-content\/uploads\/2021\/04\/fr_diplome_office-768x543.jpg 768w, https:\/\/controlc.fr\/wp-content\/uploads\/2021\/04\/fr_diplome_office.jpg 1169w\" sizes=\"(max-width: 640px) 100vw, 640px\" \/>\t\t\t\t\t\t\t\t\t\t\t\t\t\t\t<\/div>\n\t\t\t\t<\/div>\n\t\t\t\t\t<\/div>\n\t\t<\/div>\n\t\t\t\t\t<\/div>\n\t\t<\/section>\n\t\t\t\t<section class=\"elementor-section elementor-top-section elementor-element elementor-element-299f764 elementor-section-boxed elementor-section-height-default elementor-section-height-default\" data-id=\"299f764\" data-element_type=\"section\">\n\t\t\t\t\t\t<div class=\"elementor-container elementor-column-gap-default\">\n\t\t\t\t\t<div class=\"elementor-column elementor-col-100 elementor-top-column elementor-element elementor-element-db2872d\" data-id=\"db2872d\" data-element_type=\"column\">\n\t\t\t<div class=\"elementor-widget-wrap elementor-element-populated\">\n\t\t\t\t\t\t<div class=\"elementor-element elementor-element-3c0e565 elementor-widget elementor-widget-spacer\" data-id=\"3c0e565\" data-element_type=\"widget\" data-widget_type=\"spacer.default\">\n\t\t\t\t<div class=\"elementor-widget-container\">\n\t\t\t\t\t\t\t<div class=\"elementor-spacer\">\n\t\t\t<div class=\"elementor-spacer-inner\"><\/div>\n\t\t<\/div>\n\t\t\t\t\t\t<\/div>\n\t\t\t\t<\/div>\n\t\t\t\t\t<\/div>\n\t\t<\/div>\n\t\t\t\t\t<\/div>\n\t\t<\/section>\n\t\t\t\t<section class=\"elementor-section elementor-top-section elementor-element elementor-element-cbe2396 elementor-section-boxed elementor-section-height-default elementor-section-height-default\" data-id=\"cbe2396\" data-element_type=\"section\">\n\t\t\t\t\t\t<div class=\"elementor-container elementor-column-gap-default\">\n\t\t\t\t\t<div class=\"elementor-column elementor-col-100 elementor-top-column elementor-element elementor-element-95c4090\" data-id=\"95c4090\" data-element_type=\"column\">\n\t\t\t<div class=\"elementor-widget-wrap elementor-element-populated\">\n\t\t\t\t\t\t<div class=\"elementor-element elementor-element-db010f0 elementor-widget elementor-widget-heading\" data-id=\"db010f0\" data-element_type=\"widget\" data-widget_type=\"heading.default\">\n\t\t\t\t<div class=\"elementor-widget-container\">\n\t\t\t\t\t<h2 class=\"elementor-heading-title elementor-size-default\">LES CERTIFICATIONS TOSA DANS LE CADRE DU CPF<\/h2>\t\t\t\t<\/div>\n\t\t\t\t<\/div>\n\t\t\t\t\t<\/div>\n\t\t<\/div>\n\t\t\t\t\t<\/div>\n\t\t<\/section>\n\t\t\t\t<section class=\"elementor-section elementor-top-section elementor-element elementor-element-dbbe892 elementor-section-boxed elementor-section-height-default elementor-section-height-default\" data-id=\"dbbe892\" data-element_type=\"section\">\n\t\t\t\t\t\t<div class=\"elementor-container elementor-column-gap-default\">\n\t\t\t\t\t<div class=\"elementor-column elementor-col-100 elementor-top-column elementor-element elementor-element-9635fd2\" data-id=\"9635fd2\" data-element_type=\"column\">\n\t\t\t<div class=\"elementor-widget-wrap elementor-element-populated\">\n\t\t\t\t\t\t<div class=\"elementor-element elementor-element-9f1f47a elementor-widget elementor-widget-text-editor\" data-id=\"9f1f47a\" data-element_type=\"widget\" data-widget_type=\"text-editor.default\">\n\t\t\t\t<div class=\"elementor-widget-container\">\n\t\t\t\t\t\t\t\t\t<p>Les certifications TOSA sont inscrites au R\u00e9pertoire Sp\u00e9cifique de France Comp\u00e9tences.<\/p><p>Elles sont \u00e9ligibles au CPF et \u00e0 la p\u00e9riode de professionnalisation pour les salari\u00e9s et demandeurs d&#8217;emploi.<\/p><p>Aussi toutes nos formations en bureautique, PAO et DAO peuvent \u00eatre prise en charge dans le cadre de votre Compte Personnel de Formation.\u00a0<\/p><p>Contactez nous au 01 64 39 77 99 pour toute pr\u00e9cision !\u00a0<\/p><p><img decoding=\"async\" class=\"alignnone size-thumbnail wp-image-5074\" src=\"https:\/\/controlc.fr\/wp-content\/uploads\/2024\/02\/FORMATION-ELIGIBLE-AU-CPF-150x150.png\" alt=\"\" width=\"150\" height=\"150\" srcset=\"https:\/\/controlc.fr\/wp-content\/uploads\/2024\/02\/FORMATION-ELIGIBLE-AU-CPF-150x150.png 150w, https:\/\/controlc.fr\/wp-content\/uploads\/2024\/02\/FORMATION-ELIGIBLE-AU-CPF-450x450.png 450w\" sizes=\"(max-width: 150px) 100vw, 150px\" \/><\/p>\t\t\t\t\t\t\t\t<\/div>\n\t\t\t\t<\/div>\n\t\t\t\t\t<\/div>\n\t\t<\/div>\n\t\t\t\t\t<\/div>\n\t\t<\/section>\n\t\t\t\t<\/div>\n\t\t","protected":false},"excerpt":{"rendered":"<p>LES CERTIFICATIONS TOSA QU&rsquo;EST-CE QUE C&rsquo;EST ? La certification TOSA est&nbsp;le standard international de mesure des comp\u00e9tences informatiques.&nbsp;&nbsp; Les certifications Tosa \u00e9valuent et garantissent vos comp\u00e9tences bureautiques, digitales ou de programmation. La Certification TOSA s\u2019adresse \u00e0 tous, \u00e9tudiants, salari\u00e9s et personnes en recherche d\u2019emploi. Le TOSA d\u00e9livre un score sur&hellip;<\/p>\n","protected":false},"author":1,"featured_media":0,"parent":0,"menu_order":0,"comment_status":"closed","ping_status":"closed","template":"elementor_header_footer","meta":{"footnotes":""},"class_list":["post-1566","page","type-page","status-publish","hentry"],"yoast_head":"<!-- This site is optimized with the Yoast SEO plugin v24.4 - https:\/\/yoast.com\/wordpress\/plugins\/seo\/ -->\n<title>TOSA\u00ae -<\/title>\n<meta name=\"description\" content=\"pr\u00e9sentation de la certification TOSA pour vos formations bureautiques, qui permet un financement via le Compte Personnel de Formation CPF\" \/>\n<meta name=\"robots\" content=\"index, follow, max-snippet:-1, max-image-preview:large, max-video-preview:-1\" \/>\n<link rel=\"canonical\" href=\"https:\/\/controlc.fr\/index.php\/tosa-certification-bureautique-formation-certifiante-cpf\/\" \/>\n<meta property=\"og:locale\" content=\"fr_FR\" \/>\n<meta property=\"og:type\" content=\"article\" \/>\n<meta property=\"og:title\" content=\"TOSA\u00ae -\" \/>\n<meta property=\"og:description\" content=\"pr\u00e9sentation de la certification TOSA pour vos formations bureautiques, qui permet un financement via le Compte Personnel de Formation CPF\" \/>\n<meta property=\"og:url\" content=\"https:\/\/controlc.fr\/index.php\/tosa-certification-bureautique-formation-certifiante-cpf\/\" \/>\n<meta property=\"article:modified_time\" content=\"2024-05-15T14:25:22+00:00\" \/>\n<meta property=\"og:image\" content=\"https:\/\/controlc.fr\/wp-content\/uploads\/2021\/04\/fr_diplome_office-1024x724.jpg\" \/>\n<meta name=\"twitter:card\" content=\"summary_large_image\" \/>\n<meta name=\"twitter:site\" content=\"@controlcmelun\" \/>\n<meta name=\"twitter:label1\" content=\"Dur\u00e9e de lecture estim\u00e9e\" \/>\n\t<meta name=\"twitter:data1\" content=\"3 minutes\" \/>\n<script type=\"application\/ld+json\" class=\"yoast-schema-graph\">{\"@context\":\"https:\/\/schema.org\",\"@graph\":[{\"@type\":\"WebPage\",\"@id\":\"https:\/\/controlc.fr\/index.php\/tosa-certification-bureautique-formation-certifiante-cpf\/\",\"url\":\"https:\/\/controlc.fr\/index.php\/tosa-certification-bureautique-formation-certifiante-cpf\/\",\"name\":\"TOSA\u00ae -\",\"isPartOf\":{\"@id\":\"https:\/\/controlc.fr\/#website\"},\"primaryImageOfPage\":{\"@id\":\"https:\/\/controlc.fr\/index.php\/tosa-certification-bureautique-formation-certifiante-cpf\/#primaryimage\"},\"image\":{\"@id\":\"https:\/\/controlc.fr\/index.php\/tosa-certification-bureautique-formation-certifiante-cpf\/#primaryimage\"},\"thumbnailUrl\":\"https:\/\/controlc.fr\/wp-content\/uploads\/2021\/04\/fr_diplome_office-1024x724.jpg\",\"datePublished\":\"2021-01-13T15:36:07+00:00\",\"dateModified\":\"2024-05-15T14:25:22+00:00\",\"description\":\"pr\u00e9sentation de la certification TOSA pour vos formations bureautiques, qui permet un financement via le Compte Personnel de Formation CPF\",\"breadcrumb\":{\"@id\":\"https:\/\/controlc.fr\/index.php\/tosa-certification-bureautique-formation-certifiante-cpf\/#breadcrumb\"},\"inLanguage\":\"fr-FR\",\"potentialAction\":[{\"@type\":\"ReadAction\",\"target\":[\"https:\/\/controlc.fr\/index.php\/tosa-certification-bureautique-formation-certifiante-cpf\/\"]}]},{\"@type\":\"ImageObject\",\"inLanguage\":\"fr-FR\",\"@id\":\"https:\/\/controlc.fr\/index.php\/tosa-certification-bureautique-formation-certifiante-cpf\/#primaryimage\",\"url\":\"https:\/\/controlc.fr\/wp-content\/uploads\/2021\/04\/fr_diplome_office.jpg\",\"contentUrl\":\"https:\/\/controlc.fr\/wp-content\/uploads\/2021\/04\/fr_diplome_office.jpg\",\"width\":1169,\"height\":826,\"caption\":\"dipl\u00f4me tosa\"},{\"@type\":\"BreadcrumbList\",\"@id\":\"https:\/\/controlc.fr\/index.php\/tosa-certification-bureautique-formation-certifiante-cpf\/#breadcrumb\",\"itemListElement\":[{\"@type\":\"ListItem\",\"position\":1,\"name\":\"Accueil\",\"item\":\"https:\/\/controlc.fr\/\"},{\"@type\":\"ListItem\",\"position\":2,\"name\":\"TOSA\u00ae\"}]},{\"@type\":\"WebSite\",\"@id\":\"https:\/\/controlc.fr\/#website\",\"url\":\"https:\/\/controlc.fr\/\",\"name\":\"Controlc.fr\",\"description\":\"\",\"publisher\":{\"@id\":\"https:\/\/controlc.fr\/#organization\"},\"potentialAction\":[{\"@type\":\"SearchAction\",\"target\":{\"@type\":\"EntryPoint\",\"urlTemplate\":\"https:\/\/controlc.fr\/?s={search_term_string}\"},\"query-input\":{\"@type\":\"PropertyValueSpecification\",\"valueRequired\":true,\"valueName\":\"search_term_string\"}}],\"inLanguage\":\"fr-FR\"},{\"@type\":\"Organization\",\"@id\":\"https:\/\/controlc.fr\/#organization\",\"name\":\"Control^C\",\"url\":\"https:\/\/controlc.fr\/\",\"logo\":{\"@type\":\"ImageObject\",\"inLanguage\":\"fr-FR\",\"@id\":\"https:\/\/controlc.fr\/#\/schema\/logo\/image\/\",\"url\":\"https:\/\/controlc.fr\/wp-content\/uploads\/2020\/12\/cropped-cropped-cropped-logo-melun.png\",\"contentUrl\":\"https:\/\/controlc.fr\/wp-content\/uploads\/2020\/12\/cropped-cropped-cropped-logo-melun.png\",\"width\":427,\"height\":100,\"caption\":\"Control^C\"},\"image\":{\"@id\":\"https:\/\/controlc.fr\/#\/schema\/logo\/image\/\"},\"sameAs\":[\"https:\/\/x.com\/controlcmelun\",\"https:\/\/www.linkedin.com\/company\/8009384\"]}]}<\/script>\n<!-- \/ Yoast SEO plugin. -->","yoast_head_json":{"title":"TOSA\u00ae -","description":"pr\u00e9sentation de la certification TOSA pour vos formations bureautiques, qui permet un financement via le Compte Personnel de Formation CPF","robots":{"index":"index","follow":"follow","max-snippet":"max-snippet:-1","max-image-preview":"max-image-preview:large","max-video-preview":"max-video-preview:-1"},"canonical":"https:\/\/controlc.fr\/index.php\/tosa-certification-bureautique-formation-certifiante-cpf\/","og_locale":"fr_FR","og_type":"article","og_title":"TOSA\u00ae -","og_description":"pr\u00e9sentation de la certification TOSA pour vos formations bureautiques, qui permet un financement via le Compte Personnel de Formation CPF","og_url":"https:\/\/controlc.fr\/index.php\/tosa-certification-bureautique-formation-certifiante-cpf\/","article_modified_time":"2024-05-15T14:25:22+00:00","og_image":[{"url":"https:\/\/controlc.fr\/wp-content\/uploads\/2021\/04\/fr_diplome_office-1024x724.jpg","type":"","width":"","height":""}],"twitter_card":"summary_large_image","twitter_site":"@controlcmelun","twitter_misc":{"Dur\u00e9e de lecture estim\u00e9e":"3 minutes"},"schema":{"@context":"https:\/\/schema.org","@graph":[{"@type":"WebPage","@id":"https:\/\/controlc.fr\/index.php\/tosa-certification-bureautique-formation-certifiante-cpf\/","url":"https:\/\/controlc.fr\/index.php\/tosa-certification-bureautique-formation-certifiante-cpf\/","name":"TOSA\u00ae -","isPartOf":{"@id":"https:\/\/controlc.fr\/#website"},"primaryImageOfPage":{"@id":"https:\/\/controlc.fr\/index.php\/tosa-certification-bureautique-formation-certifiante-cpf\/#primaryimage"},"image":{"@id":"https:\/\/controlc.fr\/index.php\/tosa-certification-bureautique-formation-certifiante-cpf\/#primaryimage"},"thumbnailUrl":"https:\/\/controlc.fr\/wp-content\/uploads\/2021\/04\/fr_diplome_office-1024x724.jpg","datePublished":"2021-01-13T15:36:07+00:00","dateModified":"2024-05-15T14:25:22+00:00","description":"pr\u00e9sentation de la certification TOSA pour vos formations bureautiques, qui permet un financement via le Compte Personnel de Formation CPF","breadcrumb":{"@id":"https:\/\/controlc.fr\/index.php\/tosa-certification-bureautique-formation-certifiante-cpf\/#breadcrumb"},"inLanguage":"fr-FR","potentialAction":[{"@type":"ReadAction","target":["https:\/\/controlc.fr\/index.php\/tosa-certification-bureautique-formation-certifiante-cpf\/"]}]},{"@type":"ImageObject","inLanguage":"fr-FR","@id":"https:\/\/controlc.fr\/index.php\/tosa-certification-bureautique-formation-certifiante-cpf\/#primaryimage","url":"https:\/\/controlc.fr\/wp-content\/uploads\/2021\/04\/fr_diplome_office.jpg","contentUrl":"https:\/\/controlc.fr\/wp-content\/uploads\/2021\/04\/fr_diplome_office.jpg","width":1169,"height":826,"caption":"dipl\u00f4me tosa"},{"@type":"BreadcrumbList","@id":"https:\/\/controlc.fr\/index.php\/tosa-certification-bureautique-formation-certifiante-cpf\/#breadcrumb","itemListElement":[{"@type":"ListItem","position":1,"name":"Accueil","item":"https:\/\/controlc.fr\/"},{"@type":"ListItem","position":2,"name":"TOSA\u00ae"}]},{"@type":"WebSite","@id":"https:\/\/controlc.fr\/#website","url":"https:\/\/controlc.fr\/","name":"Controlc.fr","description":"","publisher":{"@id":"https:\/\/controlc.fr\/#organization"},"potentialAction":[{"@type":"SearchAction","target":{"@type":"EntryPoint","urlTemplate":"https:\/\/controlc.fr\/?s={search_term_string}"},"query-input":{"@type":"PropertyValueSpecification","valueRequired":true,"valueName":"search_term_string"}}],"inLanguage":"fr-FR"},{"@type":"Organization","@id":"https:\/\/controlc.fr\/#organization","name":"Control^C","url":"https:\/\/controlc.fr\/","logo":{"@type":"ImageObject","inLanguage":"fr-FR","@id":"https:\/\/controlc.fr\/#\/schema\/logo\/image\/","url":"https:\/\/controlc.fr\/wp-content\/uploads\/2020\/12\/cropped-cropped-cropped-logo-melun.png","contentUrl":"https:\/\/controlc.fr\/wp-content\/uploads\/2020\/12\/cropped-cropped-cropped-logo-melun.png","width":427,"height":100,"caption":"Control^C"},"image":{"@id":"https:\/\/controlc.fr\/#\/schema\/logo\/image\/"},"sameAs":["https:\/\/x.com\/controlcmelun","https:\/\/www.linkedin.com\/company\/8009384"]}]}},"_links":{"self":[{"href":"https:\/\/controlc.fr\/index.php\/wp-json\/wp\/v2\/pages\/1566","targetHints":{"allow":["GET"]}}],"collection":[{"href":"https:\/\/controlc.fr\/index.php\/wp-json\/wp\/v2\/pages"}],"about":[{"href":"https:\/\/controlc.fr\/index.php\/wp-json\/wp\/v2\/types\/page"}],"author":[{"embeddable":true,"href":"https:\/\/controlc.fr\/index.php\/wp-json\/wp\/v2\/users\/1"}],"replies":[{"embeddable":true,"href":"https:\/\/controlc.fr\/index.php\/wp-json\/wp\/v2\/comments?post=1566"}],"version-history":[{"count":18,"href":"https:\/\/controlc.fr\/index.php\/wp-json\/wp\/v2\/pages\/1566\/revisions"}],"predecessor-version":[{"id":5405,"href":"https:\/\/controlc.fr\/index.php\/wp-json\/wp\/v2\/pages\/1566\/revisions\/5405"}],"wp:attachment":[{"href":"https:\/\/controlc.fr\/index.php\/wp-json\/wp\/v2\/media?parent=1566"}],"curies":[{"name":"wp","href":"https:\/\/api.w.org\/{rel}","templated":true}]}}